{"id":15492,"date":"2017-12-12T13:44:24","date_gmt":"2017-12-12T12:44:24","guid":{"rendered":"https:\/\/www.valdelandrouet.com\/?page_id=15492"},"modified":"2022-11-18T09:59:47","modified_gmt":"2022-11-18T08:59:47","slug":"mobil-home-flores-3-bedrooms","status":"publish","type":"page","link":"https:\/\/www.valdelandrouet.com\/en\/mobile-home-rental-in-brittany\/mobil-home-flores-3-bedrooms\/","title":{"rendered":"Mobil-Home Flor\u00e8s 3 bedrooms"},"content":{"rendered":"<h1>Mobil-Home Flor\u00e8s 3 bedrooms<\/h1>\n<p>6\/8 People &#8211; 5 Beds &#8211; 35 m2 &#8211; 1 Shower &#8211; 1 Wc<\/p>\n<p>\t\t\t\t\t\t\t<a href=\"https:\/\/www.valdelandrouet.com\/wp-content\/uploads\/2022\/01\/Mobil-homes-2-et-3-chambres-min-scaled.jpg\" data-elementor-open-lightbox=\"yes\" data-elementor-lightbox-slideshow=\"4ed0c0d\" data-elementor-lightbox-title=\"Mobil homes 2 et 3 chambres-min\" e-action-hash=\"#elementor-action%3Aaction%3Dlightbox%26settings%3DeyJpZCI6MTI4OTAsInVybCI6Imh0dHBzOlwvXC93d3cudmFsZGVsYW5kcm91ZXQuY29tXC93cC1jb250ZW50XC91cGxvYWRzXC8yMDIyXC8wMVwvTW9iaWwtaG9tZXMtMi1ldC0zLWNoYW1icmVzLW1pbi1zY2FsZWQuanBnIiwic2xpZGVzaG93IjoiNGVkMGMwZCJ9\"><br \/>\n\t\t<\/a><br \/>\n\t\t\t\t\t\t\t<a href=\"#\" data-elementor-open-lightbox=\"yes\" data-elementor-lightbox-slideshow=\"4ed0c0d\" e-action-hash=\"#elementor-action%3Aaction%3Dlightbox%26settings%3DeyJzbGlkZXNob3ciOiI0ZWQwYzBkIn0%3D\" data-elementor-lightbox-video=\"https:\/\/www.youtube.com\/embed\/gWV8O_Ke_VA?feature=oembed&amp;autoplay=1&amp;rel=0&amp;controls=0\"><br \/>\n\t\t\t\t\t\t\t\t\t\tPlay<br \/>\n\t\t<\/a><br \/>\n\t\t\t\t\t\t\t<a href=\"#\" data-elementor-open-lightbox=\"yes\" data-elementor-lightbox-slideshow=\"4ed0c0d\" e-action-hash=\"#elementor-action%3Aaction%3Dlightbox%26settings%3DeyJzbGlkZXNob3ciOiI0ZWQwYzBkIn0%3D\" data-elementor-lightbox-video=\"https:\/\/www.youtube.com\/embed\/gWV8O_Ke_VA?feature=oembed&amp;autoplay=1&amp;rel=0&amp;controls=0\"><br \/>\n\t\t\t\t\t\t\t\t\t\tPlay<br \/>\n\t\t<\/a><br \/>\n\t\t\t\t\t\t\t\t\t\t\t\t\t\tPrevious<br \/>\n\t\t\t\t\t\t\t\t\t\t\t\t\t\tNext<br \/>\n\t\t<\/a><br \/>\n\t\t<\/a><br \/>\n\t\t<\/a>\t\t\t\t\t\t<\/p>\n<p>If you want your large family to spend a holiday full of activities without breaking the bank, choose our Flor\u00e8s model and its <strong>large capacity (up to 8 people).<\/strong><\/p>\n<p>This 35m\u00b2 mobile home offers a spacious living room and an open kitchen for conviviality, it has <strong>3 bedrooms<\/strong> (master bedroom with a 160\u00d7200 bed and two bedrooms with 2 twin beds 80\u00d7190) and can accommodate up to 8 people thanks to the convertible (140\u00d7190) located in the living room.<\/p>\n<p><strong>Each <a href=\"https:\/\/www.valdelandrouet.com\/en\/mobile-home-rental-in-brittany\/\">mobile home<\/a> has its own terrace with garden furniture<\/strong> to enjoy the beautiful summer evenings.<\/p>\n<p>The mobile homes are available for rent from Easter to All Saints&#8217; Day.<\/p>\n<p>Animals are allowed.<\/p>\n<p>\t\t\t<a href=\"http:\/\/thelisresa.webcamp.fr\/list.php?camping=valdelandrouet&#038;type=Gite&#038;nb_pers=4\" role=\"button\"><br \/>\n\t\t\t\t\t\tView availability<br \/>\n\t\t\t\t\t<\/a><\/p>\n<h2>BONUS<\/h2>\n<p>During the season from 9 July to 26 August, by renting the mobile home, you benefit from many exceptional services free of charge:<\/p>\n<ul>\n<li>activities,<\/li>\n<li>evening entertainment,<\/li>\n<li>access to the intercommunal (100m away),<\/li>\n<li>the mini-golf,indoor and outdoor<\/li>\n<li>tennis courts,<\/li>\n<li>the fitness trail.<\/li>\n<\/ul>\n<p>Out of season, all year round except from 9 July to 26 August, discover another face of the Val de Landrouet with leisure activities and a different atmosphere for nature lovers.<\/p>\n<h2>THE EQUIPMENT<\/h2>\n<p>\t\t\t\t\t\t\t\t\t\t\t\t<a href=\"\">Living room<\/a><\/p>\n<p>Table and chairs, free TV, sofa bed, heating<\/p>\n<p>\t\t\t\t\t\t\t\t\t\t\t\t<a href=\"\">Kitchen<\/a><\/p>\n<p>Dishes, gas rings, microwave, coffee maker, refrigerator<\/p>\n<p>\t\t\t\t\t\t\t\t\t\t\t\t<a href=\"\">Bedroom 1 <\/a><\/p>\n<p>double bed 160\u00d7200, blanket, bedspread, pillows with covers, shelves<\/p>\n<p>\t\t\t\t\t\t\t\t\t\t\t\t<a href=\"\">Bedroom 2<\/a><\/p>\n<p>2 single beds 80\u00d7190, blankets, bedspreads, pillows with covers, wardrobe<\/p>\n<p>\t\t\t\t\t\t\t\t\t\t\t\t<a href=\"\">Chambre 3<\/a><\/p>\n<p>2 single beds 80\u00d7190, blankets, bedspreads, pillows with covers, wardrobe<\/p>\n<p>\t\t\t\t\t\t\t\t\t\t\t\t<a href=\"\">Bathroom<\/a><\/p>\n<p>shower, heating, washbasin<\/p>\n<p>\t\t\t\t\t\t\t\t\t\t\t\t<a href=\"\">Outdoor<\/a><\/p>\n<p>garden furniture, parasol<\/p>\n<p>\t\t\t\t\t\t\t\t\t\t\t\t<a href=\"\">Inventory<\/a><\/p>\n<p>1 Salad bowl<\/p>\n<p>1 Vegetable peeler<\/p>\n<p>1 Bread knife<\/p>\n<p>8 Steak knives<\/p>\n<p>1 Can opener<\/p>\n<p>1 Corkscrew<\/p>\n<p>1 Whisk<\/p>\n<p>1 Spatula<\/p>\n<p>1 Ladle<\/p>\n<p>1 Cutting board<\/p>\n<p>1 Pitcher<\/p>\n<p>8 Forks<\/p>\n<p>8 Soup spoons<\/p>\n<p>8 Coffee spoons<\/p>\n<p>8 Knives<\/p>\n<p>8 Cups and saucers<\/p>\n<p>1 Grater<\/p>\n<p>8 Flat Plates<\/p>\n<p>8 Dessert plates<\/p>\n<p>8 Glasses<\/p>\n<p>2 Saucepans<\/p>\n<p>1 Dish<\/p>\n<p>1 Baking dish<\/p>\n<p>1 Pasta drainer<\/p>\n<p>1 Casserole<\/p>\n<p>2 Pans<\/p>\n<p>1 Electric coffee maker<\/p>\n<p>1 Table mat<\/p>\n<p>1 Microwave and a hood<\/p>\n<p>1 Bread basket<\/p>\n<p>8 Bowls<\/p>\n<p>1 Bucket and mop<\/p>\n<p>1 Broom<\/p>\n<p>1 Brush<\/p>\n<p>1 Shovel<\/p>\n<p>1 Large dustbin<\/p>\n<p>1 Bathroom bin<\/p>\n<p>1 Toilet brush<\/p>\n<p>1 Clothes dryer<\/p>\n<p>1 TV with remote control<\/p>\n","protected":false},"excerpt":{"rendered":"<p>Mobil-Home Flor\u00e8s 3 bedrooms 6\/8 People &#8211; 5 Beds &#8211; 35 m2 &#8211; 1 Shower &#8211; 1 Wc Play Play Previous Next If you want your large family to spend a holiday full of activities without breaking the bank, choose our Flor\u00e8s model and its large capacity (up to 8 people). This 35m\u00b2 mobile home [&hellip;]<\/p>\n","protected":false},"author":4,"featured_media":16898,"parent":15470,"menu_order":0,"comment_status":"closed","ping_status":"closed","template":"","meta":{"ocean_post_layout":"","ocean_both_sidebars_style":"","ocean_both_sidebars_content_width":0,"ocean_both_sidebars_sidebars_width":0,"ocean_sidebar":"0","ocean_second_sidebar":"0","ocean_disable_margins":"enable","ocean_add_body_class":"","ocean_shortcode_before_top_bar":"","ocean_shortcode_after_top_bar":"","ocean_shortcode_before_header":"","ocean_shortcode_after_header":"","ocean_has_shortcode":"","ocean_shortcode_after_title":"","ocean_shortcode_before_footer_widgets":"","ocean_shortcode_after_footer_widgets":"","ocean_shortcode_before_footer_bottom":"","ocean_shortcode_after_footer_bottom":"","ocean_display_top_bar":"default","ocean_display_header":"default","ocean_header_style":"","ocean_center_header_left_menu":"0","ocean_custom_header_template":"0","ocean_custom_logo":0,"ocean_custom_retina_logo":0,"ocean_custom_logo_max_width":0,"ocean_custom_logo_tablet_max_width":0,"ocean_custom_logo_mobile_max_width":0,"ocean_custom_logo_max_height":0,"ocean_custom_logo_tablet_max_height":0,"ocean_custom_logo_mobile_max_height":0,"ocean_header_custom_menu":"0","ocean_menu_typo_font_family":"0","ocean_menu_typo_font_subset":"","ocean_menu_typo_font_size":0,"ocean_menu_typo_font_size_tablet":0,"ocean_menu_typo_font_size_mobile":0,"ocean_menu_typo_font_size_unit":"px","ocean_menu_typo_font_weight":"","ocean_menu_typo_font_weight_tablet":"","ocean_menu_typo_font_weight_mobile":"","ocean_menu_typo_transform":"","ocean_menu_typo_transform_tablet":"","ocean_menu_typo_transform_mobile":"","ocean_menu_typo_line_height":0,"ocean_menu_typo_line_height_tablet":0,"ocean_menu_typo_line_height_mobile":0,"ocean_menu_typo_line_height_unit":"","ocean_menu_typo_spacing":0,"ocean_menu_typo_spacing_tablet":0,"ocean_menu_typo_spacing_mobile":0,"ocean_menu_typo_spacing_unit":"","ocean_menu_link_color":"","ocean_menu_link_color_hover":"","ocean_menu_link_color_active":"","ocean_menu_link_background":"","ocean_menu_link_hover_background":"","ocean_menu_link_active_background":"","ocean_menu_social_links_bg":"","ocean_menu_social_hover_links_bg":"","ocean_menu_social_links_color":"","ocean_menu_social_hover_links_color":"","ocean_disable_title":"default","ocean_disable_heading":"default","ocean_post_title":"","ocean_post_subheading":"","ocean_post_title_style":"","ocean_post_title_background_color":"","ocean_post_title_background":0,"ocean_post_title_bg_image_position":"","ocean_post_title_bg_image_attachment":"","ocean_post_title_bg_image_repeat":"","ocean_post_title_bg_image_size":"","ocean_post_title_height":0,"ocean_post_title_bg_overlay":0.5,"ocean_post_title_bg_overlay_color":"","ocean_disable_breadcrumbs":"default","ocean_breadcrumbs_color":"","ocean_breadcrumbs_separator_color":"","ocean_breadcrumbs_links_color":"","ocean_breadcrumbs_links_hover_color":"","ocean_display_footer_widgets":"default","ocean_display_footer_bottom":"default","ocean_custom_footer_template":"0","footnotes":""},"class_list":["post-15492","page","type-page","status-publish","has-post-thumbnail","hentry","entry","has-media"],"yoast_head":"<!-- This site is optimized with the Yoast SEO plugin v27.3 - https:\/\/yoast.com\/product\/yoast-seo-wordpress\/ -->\n<title>Mobil-Home Flor\u00e8s 3 bedrooms - Val de Landrouet. Camping Bretagne proche de Broc\u00e9liande<\/title>\n<meta name=\"robots\" content=\"index, follow, max-snippet:-1, max-image-preview:large, max-video-preview:-1\" \/>\n<link rel=\"canonical\" href=\"https:\/\/www.valdelandrouet.com\/les-hebergements-camping\/location-mobil-home-bretagne-3-chambres\/\" \/>\n<meta property=\"og:locale\" content=\"en_US\" \/>\n<meta property=\"og:type\" content=\"article\" \/>\n<meta property=\"og:title\" content=\"Mobil-Home Flor\u00e8s 3 bedrooms - Val de Landrouet. Camping Bretagne proche de Broc\u00e9liande\" \/>\n<meta property=\"og:description\" content=\"Mobil-Home Flor\u00e8s 3 bedrooms 6\/8 People &#8211; 5 Beds &#8211; 35 m2 &#8211; 1 Shower &#8211; 1 Wc Play Play Previous Next If you want your large family to spend a holiday full of activities without breaking the bank, choose our Flor\u00e8s model and its large capacity (up to 8 people). This 35m\u00b2 mobile home [&hellip;]\" \/>\n<meta property=\"og:url\" content=\"https:\/\/www.valdelandrouet.com\/les-hebergements-camping\/location-mobil-home-bretagne-3-chambres\/\" \/>\n<meta property=\"og:site_name\" content=\"Val de Landrouet. Camping Bretagne proche de Broc\u00e9liande\" \/>\n<meta property=\"article:modified_time\" content=\"2022-11-18T08:59:47+00:00\" \/>\n<meta name=\"twitter:card\" content=\"summary_large_image\" \/>\n<meta name=\"twitter:label1\" content=\"Est. reading time\" \/>\n\t<meta name=\"twitter:data1\" content=\"2 minutes\" \/>\n<script type=\"application\/ld+json\" class=\"yoast-schema-graph\">{\"@context\":\"https:\\\/\\\/schema.org\",\"@graph\":[{\"@type\":\"WebPage\",\"@id\":\"https:\\\/\\\/www.valdelandrouet.com\\\/les-hebergements-camping\\\/location-mobil-home-bretagne-3-chambres\\\/\",\"url\":\"https:\\\/\\\/www.valdelandrouet.com\\\/les-hebergements-camping\\\/location-mobil-home-bretagne-3-chambres\\\/\",\"name\":\"Mobil-Home Flor\u00e8s 3 bedrooms - Val de Landrouet. Camping Bretagne proche de Broc\u00e9liande\",\"isPartOf\":{\"@id\":\"https:\\\/\\\/www.valdelandrouet.com\\\/#website\"},\"primaryImageOfPage\":{\"@id\":\"https:\\\/\\\/www.valdelandrouet.com\\\/les-hebergements-camping\\\/location-mobil-home-bretagne-3-chambres\\\/#primaryimage\"},\"image\":{\"@id\":\"https:\\\/\\\/www.valdelandrouet.com\\\/les-hebergements-camping\\\/location-mobil-home-bretagne-3-chambres\\\/#primaryimage\"},\"thumbnailUrl\":\"https:\\\/\\\/www.valdelandrouet.com\\\/wp-content\\\/uploads\\\/2023\\\/02\\\/Salon-MH-fenetres.jpeg\",\"datePublished\":\"2017-12-12T12:44:24+00:00\",\"dateModified\":\"2022-11-18T08:59:47+00:00\",\"breadcrumb\":{\"@id\":\"https:\\\/\\\/www.valdelandrouet.com\\\/les-hebergements-camping\\\/location-mobil-home-bretagne-3-chambres\\\/#breadcrumb\"},\"inLanguage\":\"en-US\",\"potentialAction\":[{\"@type\":\"ReadAction\",\"target\":[\"https:\\\/\\\/www.valdelandrouet.com\\\/les-hebergements-camping\\\/location-mobil-home-bretagne-3-chambres\\\/\"]}]},{\"@type\":\"ImageObject\",\"inLanguage\":\"en-US\",\"@id\":\"https:\\\/\\\/www.valdelandrouet.com\\\/les-hebergements-camping\\\/location-mobil-home-bretagne-3-chambres\\\/#primaryimage\",\"url\":\"https:\\\/\\\/www.valdelandrouet.com\\\/wp-content\\\/uploads\\\/2023\\\/02\\\/Salon-MH-fenetres.jpeg\",\"contentUrl\":\"https:\\\/\\\/www.valdelandrouet.com\\\/wp-content\\\/uploads\\\/2023\\\/02\\\/Salon-MH-fenetres.jpeg\",\"width\":1920,\"height\":1440,\"caption\":\"Mobil-home 3 chambres\"},{\"@type\":\"BreadcrumbList\",\"@id\":\"https:\\\/\\\/www.valdelandrouet.com\\\/les-hebergements-camping\\\/location-mobil-home-bretagne-3-chambres\\\/#breadcrumb\",\"itemListElement\":[{\"@type\":\"ListItem\",\"position\":1,\"name\":\"Accueil\",\"item\":\"https:\\\/\\\/www.valdelandrouet.com\\\/\"},{\"@type\":\"ListItem\",\"position\":2,\"name\":\"Mobile home rental in Brittany\",\"item\":\"https:\\\/\\\/www.valdelandrouet.com\\\/les-hebergements-camping\\\/\"},{\"@type\":\"ListItem\",\"position\":3,\"name\":\"Mobil-Home Flor\u00e8s 3 bedrooms\"}]},{\"@type\":\"WebSite\",\"@id\":\"https:\\\/\\\/www.valdelandrouet.com\\\/#website\",\"url\":\"https:\\\/\\\/www.valdelandrouet.com\\\/\",\"name\":\"Val de Landrouet. Camping Bretagne proche de Broc\u00e9liande\",\"description\":\"\",\"publisher\":{\"@id\":\"https:\\\/\\\/www.valdelandrouet.com\\\/#organization\"},\"potentialAction\":[{\"@type\":\"SearchAction\",\"target\":{\"@type\":\"EntryPoint\",\"urlTemplate\":\"https:\\\/\\\/www.valdelandrouet.com\\\/?s={search_term_string}\"},\"query-input\":{\"@type\":\"PropertyValueSpecification\",\"valueRequired\":true,\"valueName\":\"search_term_string\"}}],\"inLanguage\":\"en-US\"},{\"@type\":\"Organization\",\"@id\":\"https:\\\/\\\/www.valdelandrouet.com\\\/#organization\",\"name\":\"Val de Landrouet. Camping Bretagne proche de Broc\u00e9liande\",\"url\":\"https:\\\/\\\/www.valdelandrouet.com\\\/\",\"logo\":{\"@type\":\"ImageObject\",\"inLanguage\":\"en-US\",\"@id\":\"https:\\\/\\\/www.valdelandrouet.com\\\/#\\\/schema\\\/logo\\\/image\\\/\",\"url\":\"https:\\\/\\\/www.valdelandrouet.com\\\/wp-content\\\/uploads\\\/2021\\\/12\\\/logo-val-de-landrouet.png\",\"contentUrl\":\"https:\\\/\\\/www.valdelandrouet.com\\\/wp-content\\\/uploads\\\/2021\\\/12\\\/logo-val-de-landrouet.png\",\"width\":800,\"height\":110,\"caption\":\"Val de Landrouet. Camping Bretagne proche de Broc\u00e9liande\"},\"image\":{\"@id\":\"https:\\\/\\\/www.valdelandrouet.com\\\/#\\\/schema\\\/logo\\\/image\\\/\"}}]}<\/script>\n<!-- \/ Yoast SEO plugin. -->","yoast_head_json":{"title":"Mobil-Home Flor\u00e8s 3 bedrooms - Val de Landrouet. Camping Bretagne proche de Broc\u00e9liande","robots":{"index":"index","follow":"follow","max-snippet":"max-snippet:-1","max-image-preview":"max-image-preview:large","max-video-preview":"max-video-preview:-1"},"canonical":"https:\/\/www.valdelandrouet.com\/les-hebergements-camping\/location-mobil-home-bretagne-3-chambres\/","og_locale":"en_US","og_type":"article","og_title":"Mobil-Home Flor\u00e8s 3 bedrooms - Val de Landrouet. Camping Bretagne proche de Broc\u00e9liande","og_description":"Mobil-Home Flor\u00e8s 3 bedrooms 6\/8 People &#8211; 5 Beds &#8211; 35 m2 &#8211; 1 Shower &#8211; 1 Wc Play Play Previous Next If you want your large family to spend a holiday full of activities without breaking the bank, choose our Flor\u00e8s model and its large capacity (up to 8 people). This 35m\u00b2 mobile home [&hellip;]","og_url":"https:\/\/www.valdelandrouet.com\/les-hebergements-camping\/location-mobil-home-bretagne-3-chambres\/","og_site_name":"Val de Landrouet. Camping Bretagne proche de Broc\u00e9liande","article_modified_time":"2022-11-18T08:59:47+00:00","twitter_card":"summary_large_image","twitter_misc":{"Est. reading time":"2 minutes"},"schema":{"@context":"https:\/\/schema.org","@graph":[{"@type":"WebPage","@id":"https:\/\/www.valdelandrouet.com\/les-hebergements-camping\/location-mobil-home-bretagne-3-chambres\/","url":"https:\/\/www.valdelandrouet.com\/les-hebergements-camping\/location-mobil-home-bretagne-3-chambres\/","name":"Mobil-Home Flor\u00e8s 3 bedrooms - Val de Landrouet. Camping Bretagne proche de Broc\u00e9liande","isPartOf":{"@id":"https:\/\/www.valdelandrouet.com\/#website"},"primaryImageOfPage":{"@id":"https:\/\/www.valdelandrouet.com\/les-hebergements-camping\/location-mobil-home-bretagne-3-chambres\/#primaryimage"},"image":{"@id":"https:\/\/www.valdelandrouet.com\/les-hebergements-camping\/location-mobil-home-bretagne-3-chambres\/#primaryimage"},"thumbnailUrl":"https:\/\/www.valdelandrouet.com\/wp-content\/uploads\/2023\/02\/Salon-MH-fenetres.jpeg","datePublished":"2017-12-12T12:44:24+00:00","dateModified":"2022-11-18T08:59:47+00:00","breadcrumb":{"@id":"https:\/\/www.valdelandrouet.com\/les-hebergements-camping\/location-mobil-home-bretagne-3-chambres\/#breadcrumb"},"inLanguage":"en-US","potentialAction":[{"@type":"ReadAction","target":["https:\/\/www.valdelandrouet.com\/les-hebergements-camping\/location-mobil-home-bretagne-3-chambres\/"]}]},{"@type":"ImageObject","inLanguage":"en-US","@id":"https:\/\/www.valdelandrouet.com\/les-hebergements-camping\/location-mobil-home-bretagne-3-chambres\/#primaryimage","url":"https:\/\/www.valdelandrouet.com\/wp-content\/uploads\/2023\/02\/Salon-MH-fenetres.jpeg","contentUrl":"https:\/\/www.valdelandrouet.com\/wp-content\/uploads\/2023\/02\/Salon-MH-fenetres.jpeg","width":1920,"height":1440,"caption":"Mobil-home 3 chambres"},{"@type":"BreadcrumbList","@id":"https:\/\/www.valdelandrouet.com\/les-hebergements-camping\/location-mobil-home-bretagne-3-chambres\/#breadcrumb","itemListElement":[{"@type":"ListItem","position":1,"name":"Accueil","item":"https:\/\/www.valdelandrouet.com\/"},{"@type":"ListItem","position":2,"name":"Mobile home rental in Brittany","item":"https:\/\/www.valdelandrouet.com\/les-hebergements-camping\/"},{"@type":"ListItem","position":3,"name":"Mobil-Home Flor\u00e8s 3 bedrooms"}]},{"@type":"WebSite","@id":"https:\/\/www.valdelandrouet.com\/#website","url":"https:\/\/www.valdelandrouet.com\/","name":"Val de Landrouet. Camping Bretagne proche de Broc\u00e9liande","description":"","publisher":{"@id":"https:\/\/www.valdelandrouet.com\/#organization"},"potentialAction":[{"@type":"SearchAction","target":{"@type":"EntryPoint","urlTemplate":"https:\/\/www.valdelandrouet.com\/?s={search_term_string}"},"query-input":{"@type":"PropertyValueSpecification","valueRequired":true,"valueName":"search_term_string"}}],"inLanguage":"en-US"},{"@type":"Organization","@id":"https:\/\/www.valdelandrouet.com\/#organization","name":"Val de Landrouet. Camping Bretagne proche de Broc\u00e9liande","url":"https:\/\/www.valdelandrouet.com\/","logo":{"@type":"ImageObject","inLanguage":"en-US","@id":"https:\/\/www.valdelandrouet.com\/#\/schema\/logo\/image\/","url":"https:\/\/www.valdelandrouet.com\/wp-content\/uploads\/2021\/12\/logo-val-de-landrouet.png","contentUrl":"https:\/\/www.valdelandrouet.com\/wp-content\/uploads\/2021\/12\/logo-val-de-landrouet.png","width":800,"height":110,"caption":"Val de Landrouet. Camping Bretagne proche de Broc\u00e9liande"},"image":{"@id":"https:\/\/www.valdelandrouet.com\/#\/schema\/logo\/image\/"}}]}},"_links":{"self":[{"href":"https:\/\/www.valdelandrouet.com\/en\/wp-json\/wp\/v2\/pages\/15492","targetHints":{"allow":["GET"]}}],"collection":[{"href":"https:\/\/www.valdelandrouet.com\/en\/wp-json\/wp\/v2\/pages"}],"about":[{"href":"https:\/\/www.valdelandrouet.com\/en\/wp-json\/wp\/v2\/types\/page"}],"author":[{"embeddable":true,"href":"https:\/\/www.valdelandrouet.com\/en\/wp-json\/wp\/v2\/users\/4"}],"replies":[{"embeddable":true,"href":"https:\/\/www.valdelandrouet.com\/en\/wp-json\/wp\/v2\/comments?post=15492"}],"version-history":[{"count":3,"href":"https:\/\/www.valdelandrouet.com\/en\/wp-json\/wp\/v2\/pages\/15492\/revisions"}],"predecessor-version":[{"id":15935,"href":"https:\/\/www.valdelandrouet.com\/en\/wp-json\/wp\/v2\/pages\/15492\/revisions\/15935"}],"up":[{"embeddable":true,"href":"https:\/\/www.valdelandrouet.com\/en\/wp-json\/wp\/v2\/pages\/15470"}],"wp:featuredmedia":[{"embeddable":true,"href":"https:\/\/www.valdelandrouet.com\/en\/wp-json\/wp\/v2\/media\/16898"}],"wp:attachment":[{"href":"https:\/\/www.valdelandrouet.com\/en\/wp-json\/wp\/v2\/media?parent=15492"}],"curies":[{"name":"wp","href":"https:\/\/api.w.org\/{rel}","templated":true}]}}