{"id":15155,"date":"2017-12-26T16:11:59","date_gmt":"2017-12-26T15:11:59","guid":{"rendered":"https:\/\/www.valdelandrouet.com\/?page_id=15155"},"modified":"2022-11-07T16:42:18","modified_gmt":"2022-11-07T15:42:18","slug":"services","status":"publish","type":"page","link":"https:\/\/www.valdelandrouet.com\/en\/services\/","title":{"rendered":"Services"},"content":{"rendered":"<h2>THE SERVICES OFFERED ON SITE<\/h2>\n<p>[one_half]<\/p>\n<p>[widgetkit id=&#8221;16&#8243; name=&#8221;Services village vacances&#8221;]<br \/>[\/one_half]<br \/>[one_half_last]<\/p>\n<p>[custom_list style=&#8221;list-1&#8243;]<\/p>\n<ul>\n<li>Bar Terrace \u2192<\/li>\n<li>Shop \u2192<\/li>\n<li>Tourist information point \u2192<\/li>\n<li>Children&#8217;s club \u2192<\/li>\n<li>Playground \u2192<\/li>\n<li>TV \u2192<\/li>\n<li>WIFI \u2192<\/li>\n<li>Petanque ground \u2192<\/li>\n<li>Restaurant \u2192<\/li>\n<li>Mini golf course \u2192<\/li>\n<li>2 Tennis courts: indoor and outdoor \u2192<\/li>\n<li>Pond fishing \u2192<\/li>\n<li>Fitness trail \u2192<\/li>\n<\/ul>\n<p>[\/custom_list]<\/p>\n<p>[\/one_half_last]<\/p>\n<p>\u00a0<\/p>\n<p><a name=\"1\"><\/a><\/p>\n<h3>Bar and terrace<\/h3>\n<p>The bar terrace with a view of the lakes.<\/p>\n<p>Enjoy a refreshing drink in front of the lakes, comfortably installed on the panoramic terrace.<br \/>Enjoy the charm and calm of the Breton countryside stretching out before you. This corner of Brittany will seduce you with its calm, its green nature and its gentle way of life. A service appreciated by all lovers of nature, calm and rest.<\/p>\n<p>From the terrace, you can also enjoy watching your children, friends or partner practicing a free activity*: canoeing, kayaking, fencing, orienteering, blowpipe&#8230;<\/p>\n<p><a href=\"\/?page_id=559\" rel=\"attachment wp-att-559\"><img decoding=\"async\" src=\"http:\/\/www.valdelandrouet.com\/wp-content\/uploads\/2013\/01\/DSC_9775-300x198.jpg\" alt=\"La terrasse du Bar-accueil.\" width=\"240\" height=\"159\" \/><\/a><\/p>\n<p>\u00a0<\/p>\n<p><a name=\"2\"><\/a><\/p>\n<h3>Shop<\/h3>\n<p>A little souvenir? La vitrine offers you gifts to offer or to give to yourself to bring back home a little piece of Brittany.<\/p>\n<p>Very low prices to satisfy all budgets.<\/p>\n<h3>Tourist information<\/h3>\n<p>Our hostesses will advise you, so that you don&#8217;t miss out on the best of Brittany.<br \/>As a tourist information point, you will find at the reception all the documentation of the sites and events that make Brittany a unique region: Gulf of Morbihan, Broceliande forest, Carnac, the small towns of character, the traditional ports, the beaches, Dinan, Dinard, St Malo, Perros Guirec&#8230; Le Mont St Michel&#8230;.<\/p>\n<p>At the beginning of your stay, don&#8217;t hesitate to ask us for advice to organise your programme of visits. Brittany will no longer hold any secrets for you!<\/p>\n<p><a name=\"4\"><\/a><\/p>\n<h3>Kids Club<\/h3>\n<p>For the enjoyment of your children, we offer 4 afternoons per week from Monday 9 July to Friday 24 August 2018, a children&#8217;s club (from 5 to 10 years old).<br \/>Free service for our little holidaymakers booking in a chalet, mobile home, g\u00eete or campsite.<\/p>\n<h3>Children&#8217;s playground<\/h3>\n<p>For the greatest enjoyment of the youngest, a playground is available in the Val de Landrouet park. Dear parents, the playground is an ideal place to rest and see your children having fun with their activities (turnstile, swing, slides&#8230;).<\/p>\n<p>The children remain under the responsibility of their parents.<\/p>\n<figure id=\"attachment_557\" aria-describedby=\"caption-attachment-557\" style=\"width: 259px\" class=\"wp-caption alignleft\"><a href=\"\/?page_id=557\" rel=\"attachment wp-att-557\"><img decoding=\"async\" src=\"http:\/\/www.valdelandrouet.com\/wp-content\/uploads\/2013\/01\/DSC_9623-300x198.jpg\" alt=\"Aire de jeux sur place\" width=\"259\" height=\"180\" \/><\/a><figcaption id=\"caption-attachment-557\" class=\"wp-caption-text\">Aire de jeux sur place<\/figcaption><\/figure>\n<p>\u00a0<\/p>\n<p>\u00a0<\/p>\n<p><a name=\"6\"><\/a><\/p>\n<h3>TV<\/h3>\n<p>All chalets, g\u00eetes and mobile homes are equipped with a 56cm 18 channel flat screen television. Free television.<\/p>\n<p><a name=\"7\"><\/a><\/p>\n<h3>WI-FI<\/h3>\n<p>Surf the web for free!<br \/>For all drinks at the bar, we offer you the access code to use our Wi-fi network in the reception building.<\/p>\n<p>Wifi connection available, with extra charge in all chalets and g\u00eetes.<\/p>\n<p><a name=\"8\"><\/a><\/p>\n<h3>Petanque ground<\/h3>\n<p>Boules competition every Wednesday: holidaymakers against Merdrignaciens! The ground remains accessible free of charge throughout the week.<\/p>\n<p><a name=\"9\"><\/a><\/p>\n<p>Catering<\/p>\n<p>From Saturday 7 July to Friday 24 August 2018, we will be serving chips every evening from Monday to Friday.<\/p>\n<p><a name=\"10\"><\/a><\/p>\n<h3>Mini-Golf<\/h3>\n<figure id=\"attachment_4572\" aria-describedby=\"caption-attachment-4572\" style=\"width: 150px\" class=\"wp-caption alignleft\"><a href=\"https:\/\/www.valdelandrouet.com\/wp-content\/uploads\/2017\/12\/Vallandrouet_DSC_9801.jpg\"><img decoding=\"async\" title=\"Mini golf gratuit\" src=\"https:\/\/www.valdelandrouet.com\/wp-content\/uploads\/2017\/12\/Vallandrouet_DSC_9801-150x150.jpg\" alt=\"\" width=\"150\" height=\"150\" \/><\/a><figcaption id=\"caption-attachment-4572\" class=\"wp-caption-text\">Mini golf gratuit<\/figcaption><\/figure>\n<p>\u00a0<\/p>\n<p>\u00a0<\/p>\n<p><a name=\"11\"><\/a><\/p>\n<p>All our holidaymakers can enjoy the mini golf for free during their stay, just collect the equipment from reception. So there is no reason to miss out on this activity with your family.<\/p>\n<h3>\u00a0<\/h3>\n<h3>\u00a02 Tennis courts: Indoor and outdoor<\/h3>\n<p>Use our tennis courts for free. The access to the courts is free (hours of availability to be consulted on the spot) and if you do not have rackets or balls, we rent them at a low price (1\u20ac for 2 rackets and 2 balls for one hour)<\/p>\n<p><a name=\"12\"><\/a><\/p>\n<h3>Pond fishing<\/h3>\n<figure id=\"attachment_3433\" aria-describedby=\"caption-attachment-3433\" style=\"width: 150px\" class=\"wp-caption alignleft\"><a href=\"https:\/\/www.valdelandrouet.com\/wp-content\/uploads\/2017\/12\/SL741022.jpg\"><img loading=\"lazy\" decoding=\"async\" title=\"P\u00eache en \u00e9tangs dans les C\u00f4tes d'Armor\" src=\"https:\/\/www.valdelandrouet.com\/wp-content\/uploads\/2017\/12\/SL741022-150x150.jpg\" alt=\"\" width=\"150\" height=\"150\" \/><\/a><figcaption id=\"caption-attachment-3433\" class=\"wp-caption-text\">P\u00eache en \u00e9tangs dans les C\u00f4tes d&#8217;Armor<\/figcaption><\/figure>\n<p>We have 2 ponds stocked by the C\u00f4tes d&#8217;Armor fishing federation, enough to delight freshwater fishing enthusiasts! If you already have a valid fishing licence for the 22, you will need nothing more than your patience to catch pike, black bass, carp, roach&#8230; For the others, fishing cards for a day, a week or a year are for sale on the campsite or on the federation&#8217;s website. We also sell basic fishing equipment (hook, line, bait&#8230;).<\/p>\n<h3>Fitness trail\u00a0<\/h3>\n<p>Take advantage of our fitness trail in the middle of the woods to keep you fit! Various equipment is set up in the middle of nature to do sport while enjoying the surroundings.<\/p>\n","protected":false},"excerpt":{"rendered":"<p>THE SERVICES OFFERED ON SITE [one_half] [widgetkit id=&#8221;16&#8243; name=&#8221;Services village vacances&#8221;][\/one_half][one_half_last] [custom_list style=&#8221;list-1&#8243;] Bar Terrace \u2192 Shop \u2192 Tourist information point \u2192 Children&#8217;s club \u2192 Playground \u2192 TV \u2192 WIFI \u2192 Petanque ground \u2192 Restaurant \u2192 Mini golf course \u2192 2 Tennis courts: indoor and outdoor \u2192 Pond fishing \u2192 Fitness trail \u2192 [\/custom_list] [\/one_half_last] [&hellip;]<\/p>\n","protected":false},"author":4,"featured_media":0,"parent":0,"menu_order":0,"comment_status":"closed","ping_status":"closed","template":"","meta":{"ocean_post_layout":"","ocean_both_sidebars_style":"","ocean_both_sidebars_content_width":0,"ocean_both_sidebars_sidebars_width":0,"ocean_sidebar":"","ocean_second_sidebar":"","ocean_disable_margins":"enable","ocean_add_body_class":"","ocean_shortcode_before_top_bar":"","ocean_shortcode_after_top_bar":"","ocean_shortcode_before_header":"","ocean_shortcode_after_header":"","ocean_has_shortcode":"","ocean_shortcode_after_title":"","ocean_shortcode_before_footer_widgets":"","ocean_shortcode_after_footer_widgets":"","ocean_shortcode_before_footer_bottom":"","ocean_shortcode_after_footer_bottom":"","ocean_display_top_bar":"default","ocean_display_header":"default","ocean_header_style":"","ocean_center_header_left_menu":"","ocean_custom_header_template":"","ocean_custom_logo":0,"ocean_custom_retina_logo":0,"ocean_custom_logo_max_width":0,"ocean_custom_logo_tablet_max_width":0,"ocean_custom_logo_mobile_max_width":0,"ocean_custom_logo_max_height":0,"ocean_custom_logo_tablet_max_height":0,"ocean_custom_logo_mobile_max_height":0,"ocean_header_custom_menu":"","ocean_menu_typo_font_family":"","ocean_menu_typo_font_subset":"","ocean_menu_typo_font_size":0,"ocean_menu_typo_font_size_tablet":0,"ocean_menu_typo_font_size_mobile":0,"ocean_menu_typo_font_size_unit":"px","ocean_menu_typo_font_weight":"","ocean_menu_typo_font_weight_tablet":"","ocean_menu_typo_font_weight_mobile":"","ocean_menu_typo_transform":"","ocean_menu_typo_transform_tablet":"","ocean_menu_typo_transform_mobile":"","ocean_menu_typo_line_height":0,"ocean_menu_typo_line_height_tablet":0,"ocean_menu_typo_line_height_mobile":0,"ocean_menu_typo_line_height_unit":"","ocean_menu_typo_spacing":0,"ocean_menu_typo_spacing_tablet":0,"ocean_menu_typo_spacing_mobile":0,"ocean_menu_typo_spacing_unit":"","ocean_menu_link_color":"","ocean_menu_link_color_hover":"","ocean_menu_link_color_active":"","ocean_menu_link_background":"","ocean_menu_link_hover_background":"","ocean_menu_link_active_background":"","ocean_menu_social_links_bg":"","ocean_menu_social_hover_links_bg":"","ocean_menu_social_links_color":"","ocean_menu_social_hover_links_color":"","ocean_disable_title":"default","ocean_disable_heading":"default","ocean_post_title":"","ocean_post_subheading":"","ocean_post_title_style":"","ocean_post_title_background_color":"","ocean_post_title_background":0,"ocean_post_title_bg_image_position":"","ocean_post_title_bg_image_attachment":"","ocean_post_title_bg_image_repeat":"","ocean_post_title_bg_image_size":"","ocean_post_title_height":0,"ocean_post_title_bg_overlay":0.5,"ocean_post_title_bg_overlay_color":"","ocean_disable_breadcrumbs":"default","ocean_breadcrumbs_color":"","ocean_breadcrumbs_separator_color":"","ocean_breadcrumbs_links_color":"","ocean_breadcrumbs_links_hover_color":"","ocean_display_footer_widgets":"default","ocean_display_footer_bottom":"default","ocean_custom_footer_template":"","footnotes":""},"class_list":["post-15155","page","type-page","status-publish","hentry","entry"],"yoast_head":"<!-- This site is optimized with the Yoast SEO plugin v27.4 - https:\/\/yoast.com\/product\/yoast-seo-wordpress\/ -->\n<title>Services - Val de Landrouet. Camping Bretagne proche de Broc\u00e9liande<\/title>\n<meta name=\"robots\" content=\"index, follow, max-snippet:-1, max-image-preview:large, max-video-preview:-1\" \/>\n<link rel=\"canonical\" href=\"https:\/\/www.valdelandrouet.com\/en\/services\/\" \/>\n<meta property=\"og:locale\" content=\"en_US\" \/>\n<meta property=\"og:type\" content=\"article\" \/>\n<meta property=\"og:title\" content=\"Services - Val de Landrouet. Camping Bretagne proche de Broc\u00e9liande\" \/>\n<meta property=\"og:description\" content=\"THE SERVICES OFFERED ON SITE [one_half] [widgetkit id=&#8221;16&#8243; name=&#8221;Services village vacances&#8221;][\/one_half][one_half_last] [custom_list style=&#8221;list-1&#8243;] Bar Terrace \u2192 Shop \u2192 Tourist information point \u2192 Children&#8217;s club \u2192 Playground \u2192 TV \u2192 WIFI \u2192 Petanque ground \u2192 Restaurant \u2192 Mini golf course \u2192 2 Tennis courts: indoor and outdoor \u2192 Pond fishing \u2192 Fitness trail \u2192 [\/custom_list] [\/one_half_last] [&hellip;]\" \/>\n<meta property=\"og:url\" content=\"https:\/\/www.valdelandrouet.com\/en\/services\/\" \/>\n<meta property=\"og:site_name\" content=\"Val de Landrouet. Camping Bretagne proche de Broc\u00e9liande\" \/>\n<meta property=\"article:modified_time\" content=\"2022-11-07T15:42:18+00:00\" \/>\n<meta property=\"og:image\" content=\"http:\/\/www.valdelandrouet.com\/wp-content\/uploads\/2013\/01\/DSC_9775-300x198.jpg\" \/>\n<meta name=\"twitter:card\" content=\"summary_large_image\" \/>\n<meta name=\"twitter:label1\" content=\"Est. reading time\" \/>\n\t<meta name=\"twitter:data1\" content=\"5 minutes\" \/>\n<script type=\"application\/ld+json\" class=\"yoast-schema-graph\">{\"@context\":\"https:\\\/\\\/schema.org\",\"@graph\":[{\"@type\":\"WebPage\",\"@id\":\"https:\\\/\\\/www.valdelandrouet.com\\\/en\\\/services\\\/\",\"url\":\"https:\\\/\\\/www.valdelandrouet.com\\\/en\\\/services\\\/\",\"name\":\"Services - Val de Landrouet. Camping Bretagne proche de Broc\u00e9liande\",\"isPartOf\":{\"@id\":\"https:\\\/\\\/www.valdelandrouet.com\\\/#website\"},\"primaryImageOfPage\":{\"@id\":\"https:\\\/\\\/www.valdelandrouet.com\\\/en\\\/services\\\/#primaryimage\"},\"image\":{\"@id\":\"https:\\\/\\\/www.valdelandrouet.com\\\/en\\\/services\\\/#primaryimage\"},\"thumbnailUrl\":\"http:\\\/\\\/www.valdelandrouet.com\\\/wp-content\\\/uploads\\\/2013\\\/01\\\/DSC_9775-300x198.jpg\",\"datePublished\":\"2017-12-26T15:11:59+00:00\",\"dateModified\":\"2022-11-07T15:42:18+00:00\",\"breadcrumb\":{\"@id\":\"https:\\\/\\\/www.valdelandrouet.com\\\/en\\\/services\\\/#breadcrumb\"},\"inLanguage\":\"en-US\",\"potentialAction\":[{\"@type\":\"ReadAction\",\"target\":[\"https:\\\/\\\/www.valdelandrouet.com\\\/en\\\/services\\\/\"]}]},{\"@type\":\"ImageObject\",\"inLanguage\":\"en-US\",\"@id\":\"https:\\\/\\\/www.valdelandrouet.com\\\/en\\\/services\\\/#primaryimage\",\"url\":\"http:\\\/\\\/www.valdelandrouet.com\\\/wp-content\\\/uploads\\\/2013\\\/01\\\/DSC_9775-300x198.jpg\",\"contentUrl\":\"http:\\\/\\\/www.valdelandrouet.com\\\/wp-content\\\/uploads\\\/2013\\\/01\\\/DSC_9775-300x198.jpg\"},{\"@type\":\"BreadcrumbList\",\"@id\":\"https:\\\/\\\/www.valdelandrouet.com\\\/en\\\/services\\\/#breadcrumb\",\"itemListElement\":[{\"@type\":\"ListItem\",\"position\":1,\"name\":\"Accueil\",\"item\":\"https:\\\/\\\/www.valdelandrouet.com\\\/\"},{\"@type\":\"ListItem\",\"position\":2,\"name\":\"Services\"}]},{\"@type\":\"WebSite\",\"@id\":\"https:\\\/\\\/www.valdelandrouet.com\\\/#website\",\"url\":\"https:\\\/\\\/www.valdelandrouet.com\\\/\",\"name\":\"Val de Landrouet. Camping Bretagne proche de Broc\u00e9liande\",\"description\":\"\",\"publisher\":{\"@id\":\"https:\\\/\\\/www.valdelandrouet.com\\\/#organization\"},\"potentialAction\":[{\"@type\":\"SearchAction\",\"target\":{\"@type\":\"EntryPoint\",\"urlTemplate\":\"https:\\\/\\\/www.valdelandrouet.com\\\/?s={search_term_string}\"},\"query-input\":{\"@type\":\"PropertyValueSpecification\",\"valueRequired\":true,\"valueName\":\"search_term_string\"}}],\"inLanguage\":\"en-US\"},{\"@type\":\"Organization\",\"@id\":\"https:\\\/\\\/www.valdelandrouet.com\\\/#organization\",\"name\":\"Val de Landrouet. Camping Bretagne proche de Broc\u00e9liande\",\"url\":\"https:\\\/\\\/www.valdelandrouet.com\\\/\",\"logo\":{\"@type\":\"ImageObject\",\"inLanguage\":\"en-US\",\"@id\":\"https:\\\/\\\/www.valdelandrouet.com\\\/#\\\/schema\\\/logo\\\/image\\\/\",\"url\":\"https:\\\/\\\/www.valdelandrouet.com\\\/wp-content\\\/uploads\\\/2021\\\/12\\\/logo-val-de-landrouet.png\",\"contentUrl\":\"https:\\\/\\\/www.valdelandrouet.com\\\/wp-content\\\/uploads\\\/2021\\\/12\\\/logo-val-de-landrouet.png\",\"width\":800,\"height\":110,\"caption\":\"Val de Landrouet. Camping Bretagne proche de Broc\u00e9liande\"},\"image\":{\"@id\":\"https:\\\/\\\/www.valdelandrouet.com\\\/#\\\/schema\\\/logo\\\/image\\\/\"}}]}<\/script>\n<!-- \/ Yoast SEO plugin. -->","yoast_head_json":{"title":"Services - Val de Landrouet. Camping Bretagne proche de Broc\u00e9liande","robots":{"index":"index","follow":"follow","max-snippet":"max-snippet:-1","max-image-preview":"max-image-preview:large","max-video-preview":"max-video-preview:-1"},"canonical":"https:\/\/www.valdelandrouet.com\/en\/services\/","og_locale":"en_US","og_type":"article","og_title":"Services - Val de Landrouet. Camping Bretagne proche de Broc\u00e9liande","og_description":"THE SERVICES OFFERED ON SITE [one_half] [widgetkit id=&#8221;16&#8243; name=&#8221;Services village vacances&#8221;][\/one_half][one_half_last] [custom_list style=&#8221;list-1&#8243;] Bar Terrace \u2192 Shop \u2192 Tourist information point \u2192 Children&#8217;s club \u2192 Playground \u2192 TV \u2192 WIFI \u2192 Petanque ground \u2192 Restaurant \u2192 Mini golf course \u2192 2 Tennis courts: indoor and outdoor \u2192 Pond fishing \u2192 Fitness trail \u2192 [\/custom_list] [\/one_half_last] [&hellip;]","og_url":"https:\/\/www.valdelandrouet.com\/en\/services\/","og_site_name":"Val de Landrouet. Camping Bretagne proche de Broc\u00e9liande","article_modified_time":"2022-11-07T15:42:18+00:00","og_image":[{"url":"http:\/\/www.valdelandrouet.com\/wp-content\/uploads\/2013\/01\/DSC_9775-300x198.jpg","type":"","width":"","height":""}],"twitter_card":"summary_large_image","twitter_misc":{"Est. reading time":"5 minutes"},"schema":{"@context":"https:\/\/schema.org","@graph":[{"@type":"WebPage","@id":"https:\/\/www.valdelandrouet.com\/en\/services\/","url":"https:\/\/www.valdelandrouet.com\/en\/services\/","name":"Services - Val de Landrouet. Camping Bretagne proche de Broc\u00e9liande","isPartOf":{"@id":"https:\/\/www.valdelandrouet.com\/#website"},"primaryImageOfPage":{"@id":"https:\/\/www.valdelandrouet.com\/en\/services\/#primaryimage"},"image":{"@id":"https:\/\/www.valdelandrouet.com\/en\/services\/#primaryimage"},"thumbnailUrl":"http:\/\/www.valdelandrouet.com\/wp-content\/uploads\/2013\/01\/DSC_9775-300x198.jpg","datePublished":"2017-12-26T15:11:59+00:00","dateModified":"2022-11-07T15:42:18+00:00","breadcrumb":{"@id":"https:\/\/www.valdelandrouet.com\/en\/services\/#breadcrumb"},"inLanguage":"en-US","potentialAction":[{"@type":"ReadAction","target":["https:\/\/www.valdelandrouet.com\/en\/services\/"]}]},{"@type":"ImageObject","inLanguage":"en-US","@id":"https:\/\/www.valdelandrouet.com\/en\/services\/#primaryimage","url":"http:\/\/www.valdelandrouet.com\/wp-content\/uploads\/2013\/01\/DSC_9775-300x198.jpg","contentUrl":"http:\/\/www.valdelandrouet.com\/wp-content\/uploads\/2013\/01\/DSC_9775-300x198.jpg"},{"@type":"BreadcrumbList","@id":"https:\/\/www.valdelandrouet.com\/en\/services\/#breadcrumb","itemListElement":[{"@type":"ListItem","position":1,"name":"Accueil","item":"https:\/\/www.valdelandrouet.com\/"},{"@type":"ListItem","position":2,"name":"Services"}]},{"@type":"WebSite","@id":"https:\/\/www.valdelandrouet.com\/#website","url":"https:\/\/www.valdelandrouet.com\/","name":"Val de Landrouet. Camping Bretagne proche de Broc\u00e9liande","description":"","publisher":{"@id":"https:\/\/www.valdelandrouet.com\/#organization"},"potentialAction":[{"@type":"SearchAction","target":{"@type":"EntryPoint","urlTemplate":"https:\/\/www.valdelandrouet.com\/?s={search_term_string}"},"query-input":{"@type":"PropertyValueSpecification","valueRequired":true,"valueName":"search_term_string"}}],"inLanguage":"en-US"},{"@type":"Organization","@id":"https:\/\/www.valdelandrouet.com\/#organization","name":"Val de Landrouet. Camping Bretagne proche de Broc\u00e9liande","url":"https:\/\/www.valdelandrouet.com\/","logo":{"@type":"ImageObject","inLanguage":"en-US","@id":"https:\/\/www.valdelandrouet.com\/#\/schema\/logo\/image\/","url":"https:\/\/www.valdelandrouet.com\/wp-content\/uploads\/2021\/12\/logo-val-de-landrouet.png","contentUrl":"https:\/\/www.valdelandrouet.com\/wp-content\/uploads\/2021\/12\/logo-val-de-landrouet.png","width":800,"height":110,"caption":"Val de Landrouet. Camping Bretagne proche de Broc\u00e9liande"},"image":{"@id":"https:\/\/www.valdelandrouet.com\/#\/schema\/logo\/image\/"}}]}},"_links":{"self":[{"href":"https:\/\/www.valdelandrouet.com\/en\/wp-json\/wp\/v2\/pages\/15155","targetHints":{"allow":["GET"]}}],"collection":[{"href":"https:\/\/www.valdelandrouet.com\/en\/wp-json\/wp\/v2\/pages"}],"about":[{"href":"https:\/\/www.valdelandrouet.com\/en\/wp-json\/wp\/v2\/types\/page"}],"author":[{"embeddable":true,"href":"https:\/\/www.valdelandrouet.com\/en\/wp-json\/wp\/v2\/users\/4"}],"replies":[{"embeddable":true,"href":"https:\/\/www.valdelandrouet.com\/en\/wp-json\/wp\/v2\/comments?post=15155"}],"version-history":[{"count":0,"href":"https:\/\/www.valdelandrouet.com\/en\/wp-json\/wp\/v2\/pages\/15155\/revisions"}],"wp:attachment":[{"href":"https:\/\/www.valdelandrouet.com\/en\/wp-json\/wp\/v2\/media?parent=15155"}],"curies":[{"name":"wp","href":"https:\/\/api.w.org\/{rel}","templated":true}]}}