{"id":14939,"date":"2017-12-22T12:10:50","date_gmt":"2017-12-22T11:10:50","guid":{"rendered":"https:\/\/www.valdelandrouet.com\/?page_id=14939"},"modified":"2024-12-16T09:58:33","modified_gmt":"2024-12-16T08:58:33","slug":"day-tours","status":"publish","type":"page","link":"https:\/\/www.valdelandrouet.com\/en\/day-tours\/","title":{"rendered":"DAY TOURS"},"content":{"rendered":"\t\t<div data-elementor-type=\"wp-page\" data-elementor-id=\"14939\" class=\"elementor elementor-14939 elementor-4297\" data-elementor-post-type=\"page\">\n\t\t\t\t\t\t<section class=\"elementor-section elementor-top-section elementor-element elementor-element-76c217a elementor-section-full_width elementor-section-height-default elementor-section-height-default\" data-id=\"76c217a\" data-element_type=\"section\" data-e-type=\"section\" data-settings=\"{&quot;background_background&quot;:&quot;classic&quot;}\">\n\t\t\t\t\t\t<div class=\"elementor-container elementor-column-gap-default\">\n\t\t\t\t\t<div class=\"elementor-column elementor-col-100 elementor-top-column elementor-element elementor-element-1b066ac\" data-id=\"1b066ac\" data-element_type=\"column\" data-e-type=\"column\">\n\t\t\t<div class=\"elementor-widget-wrap elementor-element-populated\">\n\t\t\t\t\t\t<section class=\"elementor-section elementor-inner-section elementor-element elementor-element-61d6776 elementor-section-boxed elementor-section-height-default elementor-section-height-default\" data-id=\"61d6776\" data-element_type=\"section\" data-e-type=\"section\">\n\t\t\t\t\t\t<div class=\"elementor-container elementor-column-gap-default\">\n\t\t\t\t\t<div class=\"elementor-column elementor-col-100 elementor-inner-column elementor-element elementor-element-9f5fd0d elementor-invisible\" data-id=\"9f5fd0d\" data-element_type=\"column\" data-e-type=\"column\" data-settings=\"{&quot;animation&quot;:&quot;fadeInUp&quot;}\">\n\t\t\t<div class=\"elementor-widget-wrap elementor-element-populated\">\n\t\t\t\t\t\t<div class=\"elementor-element elementor-element-0b6c20e elementor-invisible elementor-widget elementor-widget-heading\" data-id=\"0b6c20e\" data-element_type=\"widget\" data-e-type=\"widget\" data-settings=\"{&quot;_animation&quot;:&quot;fadeInLeft&quot;}\" data-widget_type=\"heading.default\">\n\t\t\t\t<div class=\"elementor-widget-container\">\n\t\t\t\t\t<h1 class=\"elementor-heading-title elementor-size-default\">Day tours<\/h1>\t\t\t\t<\/div>\n\t\t\t\t<\/div>\n\t\t\t\t<div class=\"elementor-element elementor-element-e37b9f7 elementor-invisible elementor-widget elementor-widget-heading\" data-id=\"e37b9f7\" data-element_type=\"widget\" data-e-type=\"widget\" data-settings=\"{&quot;_animation&quot;:&quot;fadeInUp&quot;}\" data-widget_type=\"heading.default\">\n\t\t\t\t<div class=\"elementor-widget-container\">\n\t\t\t\t\t<h2 class=\"elementor-heading-title elementor-size-default\">Camping Val de Landrou\u00ebt in Brittany<\/h2>\t\t\t\t<\/div>\n\t\t\t\t<\/div>\n\t\t\t\t<div class=\"elementor-element elementor-element-4fc0906 elementor-widget elementor-widget-text-editor\" data-id=\"4fc0906\" data-element_type=\"widget\" data-e-type=\"widget\" data-widget_type=\"text-editor.default\">\n\t\t\t\t<div class=\"elementor-widget-container\">\n\t\t\t\t\t\t\t\t\t<strong>Discover our ideas for day tours! We offer you several ideas for day trips departing from Val de Landrou\u00ebt so that you can discover the best of Brittany.\n<\/strong>\t\t\t\t\t\t\t\t<\/div>\n\t\t\t\t<\/div>\n\t\t\t\t\t<\/div>\n\t\t<\/div>\n\t\t\t\t\t<\/div>\n\t\t<\/section>\n\t\t\t\t<section class=\"elementor-section elementor-inner-section elementor-element elementor-element-2e4317f elementor-section-boxed elementor-section-height-default elementor-section-height-default\" data-id=\"2e4317f\" data-element_type=\"section\" data-e-type=\"section\">\n\t\t\t\t\t\t<div class=\"elementor-container elementor-column-gap-default\">\n\t\t\t\t\t<div class=\"elementor-column elementor-col-100 elementor-inner-column elementor-element elementor-element-0ddf629\" data-id=\"0ddf629\" data-element_type=\"column\" data-e-type=\"column\">\n\t\t\t<div class=\"elementor-widget-wrap elementor-element-populated\">\n\t\t\t\t\t\t<section class=\"elementor-section elementor-inner-section elementor-element elementor-element-d84818b elementor-section-content-top elementor-section-boxed elementor-section-height-default elementor-section-height-default\" data-id=\"d84818b\" data-element_type=\"section\" data-e-type=\"section\">\n\t\t\t\t\t\t<div class=\"elementor-container elementor-column-gap-default\">\n\t\t\t\t\t<div class=\"elementor-column elementor-col-50 elementor-inner-column elementor-element elementor-element-81898fc\" data-id=\"81898fc\" data-element_type=\"column\" data-e-type=\"column\">\n\t\t\t<div class=\"elementor-widget-wrap elementor-element-populated\">\n\t\t\t\t\t\t<div class=\"elementor-element elementor-element-4b0b411 elementor-skin-slideshow elementor-arrows-yes elementor-widget elementor-widget-media-carousel\" data-id=\"4b0b411\" data-element_type=\"widget\" data-e-type=\"widget\" data-settings=\"{&quot;skin&quot;:&quot;slideshow&quot;,&quot;effect&quot;:&quot;slide&quot;,&quot;show_arrows&quot;:&quot;yes&quot;,&quot;speed&quot;:500,&quot;autoplay&quot;:&quot;yes&quot;,&quot;autoplay_speed&quot;:5000,&quot;loop&quot;:&quot;yes&quot;,&quot;pause_on_hover&quot;:&quot;yes&quot;,&quot;pause_on_interaction&quot;:&quot;yes&quot;,&quot;space_between&quot;:{&quot;unit&quot;:&quot;px&quot;,&quot;size&quot;:10,&quot;sizes&quot;:[]},&quot;space_between_widescreen&quot;:{&quot;unit&quot;:&quot;px&quot;,&quot;size&quot;:10,&quot;sizes&quot;:[]},&quot;space_between_laptop&quot;:{&quot;unit&quot;:&quot;px&quot;,&quot;size&quot;:10,&quot;sizes&quot;:[]},&quot;space_between_tablet_extra&quot;:{&quot;unit&quot;:&quot;px&quot;,&quot;size&quot;:10,&quot;sizes&quot;:[]},&quot;space_between_tablet&quot;:{&quot;unit&quot;:&quot;px&quot;,&quot;size&quot;:10,&quot;sizes&quot;:[]},&quot;space_between_mobile_extra&quot;:{&quot;unit&quot;:&quot;px&quot;,&quot;size&quot;:10,&quot;sizes&quot;:[]},&quot;space_between_mobile&quot;:{&quot;unit&quot;:&quot;px&quot;,&quot;size&quot;:10,&quot;sizes&quot;:[]}}\" data-widget_type=\"media-carousel.default\">\n\t\t\t\t<div class=\"elementor-widget-container\">\n\t\t\t\t\t\t\t\t\t<div class=\"elementor-swiper\">\n\t\t\t\t\t<div class=\"elementor-main-swiper swiper\" role=\"region\" aria-roledescription=\"carousel\" aria-label=\"Slides\">\n\t\t\t\t<div class=\"swiper-wrapper\">\n\t\t\t\t\t\t\t\t\t\t\t<div class=\"swiper-slide\" role=\"group\" aria-roledescription=\"slide\">\n\t\t\t\t\t\t\t\t\t<div class=\"elementor-carousel-image\" role=\"img\" aria-label=\"Fotolia_23075744_S.jpg\" style=\"background-image: url(&#039;https:\/\/www.valdelandrouet.com\/wp-content\/uploads\/2024\/12\/Fotolia_23075744_S.jpg&#039;)\">\n\n\t\t\t\n\t\t\t\t\t<\/div>\n\t\t\t\t\t\t\t\t<\/div>\n\t\t\t\t\t\t\t\t\t\t\t<div class=\"swiper-slide\" role=\"group\" aria-roledescription=\"slide\">\n\t\t\t\t\t\t\t\t\t<div class=\"elementor-carousel-image\" role=\"img\" aria-label=\"Fotolia_48850495_S.jpg\" style=\"background-image: url(&#039;https:\/\/www.valdelandrouet.com\/wp-content\/uploads\/2024\/12\/Fotolia_48850495_S.jpg&#039;)\">\n\n\t\t\t\n\t\t\t\t\t<\/div>\n\t\t\t\t\t\t\t\t<\/div>\n\t\t\t\t\t\t\t\t\t\t\t<div class=\"swiper-slide\" role=\"group\" aria-roledescription=\"slide\">\n\t\t\t\t\t\t\t\t\t<div class=\"elementor-carousel-image\" role=\"img\" aria-label=\"Fotolia_23075744_S-1.jpg\" style=\"background-image: url(&#039;https:\/\/www.valdelandrouet.com\/wp-content\/uploads\/2024\/12\/Fotolia_23075744_S-1.jpg&#039;)\">\n\n\t\t\t\n\t\t\t\t\t<\/div>\n\t\t\t\t\t\t\t\t<\/div>\n\t\t\t\t\t\t\t\t\t\t\t<div class=\"swiper-slide\" role=\"group\" aria-roledescription=\"slide\">\n\t\t\t\t\t\t\t\t\t<div class=\"elementor-carousel-image\" role=\"img\" aria-label=\"menhirs-566-e1515426563772.jpg\" style=\"background-image: url(&#039;https:\/\/www.valdelandrouet.com\/wp-content\/uploads\/2024\/12\/menhirs-566-e1515426563772.jpg&#039;)\">\n\n\t\t\t\n\t\t\t\t\t<\/div>\n\t\t\t\t\t\t\t\t<\/div>\n\t\t\t\t\t\t\t\t\t\t\t<div class=\"swiper-slide\" role=\"group\" aria-roledescription=\"slide\">\n\t\t\t\t\t\t\t\t\t<div class=\"elementor-carousel-image\" role=\"img\" aria-label=\"village-560-e1515426554458.jpg\" style=\"background-image: url(&#039;https:\/\/www.valdelandrouet.com\/wp-content\/uploads\/2024\/12\/village-560-e1515426554458.jpg&#039;)\">\n\n\t\t\t\n\t\t\t\t\t<\/div>\n\t\t\t\t\t\t\t\t<\/div>\n\t\t\t\t\t\t\t\t\t<\/div>\n\t\t\t\t\t\t\t\t\t\t\t\t\t\t\t<div class=\"elementor-swiper-button elementor-swiper-button-prev\" role=\"button\" tabindex=\"0\" aria-label=\"Previous\">\n\t\t\t\t\t\t\t<i aria-hidden=\"true\" class=\"eicon-chevron-left\"><\/i>\t\t\t\t\t\t<\/div>\n\t\t\t\t\t\t<div class=\"elementor-swiper-button elementor-swiper-button-next\" role=\"button\" tabindex=\"0\" aria-label=\"Next\">\n\t\t\t\t\t\t\t<i aria-hidden=\"true\" class=\"eicon-chevron-right\"><\/i>\t\t\t\t\t\t<\/div>\n\t\t\t\t\t\t\t\t\t\t\t\t\t\t\t\t\t<\/div>\n\t\t\t\t<\/div>\n\t\t\t\t\t\t\t\t<div class=\"elementor-swiper\">\n\t\t\t\t\t<div class=\"elementor-main-swiper swiper elementor-thumbnails-swiper swiper\" role=\"region region\" aria-roledescription=\"carousel carousel\" aria-label=\"Slides Slides\">\n\t\t\t\t<div class=\"swiper-wrapper\">\n\t\t\t\t\t\t\t\t\t\t\t<div class=\"swiper-slide\" role=\"group\" aria-roledescription=\"slide\">\n\t\t\t\t\t\t\t\t\t<div class=\"elementor-carousel-image\" role=\"img\" aria-label=\"Fotolia_23075744_S.jpg\" style=\"background-image: url(&#039;https:\/\/www.valdelandrouet.com\/wp-content\/uploads\/2024\/12\/Fotolia_23075744_S.jpg&#039;)\">\n\n\t\t\t\n\t\t\t\t\t<\/div>\n\t\t\t\t\t\t\t\t<\/div>\n\t\t\t\t\t\t\t\t\t\t\t<div class=\"swiper-slide\" role=\"group\" aria-roledescription=\"slide\">\n\t\t\t\t\t\t\t\t\t<div class=\"elementor-carousel-image\" role=\"img\" aria-label=\"Fotolia_48850495_S.jpg\" style=\"background-image: url(&#039;https:\/\/www.valdelandrouet.com\/wp-content\/uploads\/2024\/12\/Fotolia_48850495_S.jpg&#039;)\">\n\n\t\t\t\n\t\t\t\t\t<\/div>\n\t\t\t\t\t\t\t\t<\/div>\n\t\t\t\t\t\t\t\t\t\t\t<div class=\"swiper-slide\" role=\"group\" aria-roledescription=\"slide\">\n\t\t\t\t\t\t\t\t\t<div class=\"elementor-carousel-image\" role=\"img\" aria-label=\"Fotolia_23075744_S-1.jpg\" style=\"background-image: url(&#039;https:\/\/www.valdelandrouet.com\/wp-content\/uploads\/2024\/12\/Fotolia_23075744_S-1.jpg&#039;)\">\n\n\t\t\t\n\t\t\t\t\t<\/div>\n\t\t\t\t\t\t\t\t<\/div>\n\t\t\t\t\t\t\t\t\t\t\t<div class=\"swiper-slide\" role=\"group\" aria-roledescription=\"slide\">\n\t\t\t\t\t\t\t\t\t<div class=\"elementor-carousel-image\" role=\"img\" aria-label=\"menhirs-566-e1515426563772.jpg\" style=\"background-image: url(&#039;https:\/\/www.valdelandrouet.com\/wp-content\/uploads\/2024\/12\/menhirs-566-e1515426563772.jpg&#039;)\">\n\n\t\t\t\n\t\t\t\t\t<\/div>\n\t\t\t\t\t\t\t\t<\/div>\n\t\t\t\t\t\t\t\t\t\t\t<div class=\"swiper-slide\" role=\"group\" aria-roledescription=\"slide\">\n\t\t\t\t\t\t\t\t\t<div class=\"elementor-carousel-image\" role=\"img\" aria-label=\"village-560-e1515426554458.jpg\" style=\"background-image: url(&#039;https:\/\/www.valdelandrouet.com\/wp-content\/uploads\/2024\/12\/village-560-e1515426554458.jpg&#039;)\">\n\n\t\t\t\n\t\t\t\t\t<\/div>\n\t\t\t\t\t\t\t\t<\/div>\n\t\t\t\t\t\t\t\t\t<\/div>\n\t\t\t\t\t\t\t\t\t\t\t\t\t\t\t\t\t\t\t\t\t<\/div>\n\t\t\t\t<\/div>\n\t\t\t\t\t\t\t\t<\/div>\n\t\t\t\t<\/div>\n\t\t\t\t\t<\/div>\n\t\t<\/div>\n\t\t\t\t<div class=\"elementor-column elementor-col-50 elementor-inner-column elementor-element elementor-element-65543aa elementor-invisible\" data-id=\"65543aa\" data-element_type=\"column\" data-e-type=\"column\" data-settings=\"{&quot;animation&quot;:&quot;fadeInRight&quot;}\">\n\t\t\t<div class=\"elementor-widget-wrap elementor-element-populated\">\n\t\t\t\t\t\t<div class=\"elementor-element elementor-element-a5bac3f elementor-widget elementor-widget-heading\" data-id=\"a5bac3f\" data-element_type=\"widget\" data-e-type=\"widget\" data-widget_type=\"heading.default\">\n\t\t\t\t<div class=\"elementor-widget-container\">\n\t\t\t\t\t<h3 class=\"elementor-heading-title elementor-size-default\">Day tours<\/h3>\t\t\t\t<\/div>\n\t\t\t\t<\/div>\n\t\t\t\t<div class=\"elementor-element elementor-element-b9ce085 elementor-widget-divider--view-line elementor-widget elementor-widget-divider\" data-id=\"b9ce085\" data-element_type=\"widget\" data-e-type=\"widget\" data-widget_type=\"divider.default\">\n\t\t\t\t<div class=\"elementor-widget-container\">\n\t\t\t\t\t\t\t<div class=\"elementor-divider\">\n\t\t\t<span class=\"elementor-divider-separator\">\n\t\t\t\t\t\t<\/span>\n\t\t<\/div>\n\t\t\t\t\t\t<\/div>\n\t\t\t\t<\/div>\n\t\t\t\t<div class=\"elementor-element elementor-element-14e8b77 elementor-widget elementor-widget-text-editor\" data-id=\"14e8b77\" data-element_type=\"widget\" data-e-type=\"widget\" data-widget_type=\"text-editor.default\">\n\t\t\t\t<div class=\"elementor-widget-container\">\n\t\t\t\t\t\t\t\t\t<p><strong>&#8211; Around Merdrignac <\/strong>: You will discover Moncontour, a small medieval town with its chouannerie house and then go to a\u2026 snail farm! <a href=\"https:\/\/www.valdelandrouet.com\/wp-content\/uploads\/2022\/04\/Circuit-Alentours-de-Merdrignac.pdf\">Circuit to download here<\/a><\/p><p><strong>&#8211; Mechanics &amp; cosmetics<\/strong>: During a day trip, you can visit one of the largest museums dedicated to automobiles before strolling through the streets of La Gacilly, known for housing the laboratories of Yves Rocher. <a href=\"https:\/\/www.valdelandrouet.com\/wp-content\/uploads\/2022\/04\/Circuit-Mecanique-et-cosmetiques.-Loheac-et-La-Gacilly.pdf\">Circuit to download here<br \/><\/a><br \/><strong>&#8211; Day in Rennes <\/strong>: We invite you to discover the Breton capital, labeled City of Art and History, with multiple facets. <a href=\"https:\/\/www.valdelandrouet.com\/wp-content\/uploads\/2022\/04\/Circuit-Une-Journee-a-Rennes.pdf\">Circuit to download here<\/a><\/p><p>Many other ideas are available at reception.<\/p>\t\t\t\t\t\t\t\t<\/div>\n\t\t\t\t<\/div>\n\t\t\t\t\t<\/div>\n\t\t<\/div>\n\t\t\t\t\t<\/div>\n\t\t<\/section>\n\t\t\t\t\t<\/div>\n\t\t<\/div>\n\t\t\t\t\t<\/div>\n\t\t<\/section>\n\t\t\t\t\t<\/div>\n\t\t<\/div>\n\t\t\t\t\t<\/div>\n\t\t<\/section>\n\t\t\t\t<\/div>\n\t\t","protected":false},"excerpt":{"rendered":"<p>Day tours Camping Val de Landrou\u00ebt in Brittany Discover our ideas for day tours! We offer you several ideas for day trips departing from Val de Landrou\u00ebt so that you can discover the best of Brittany. Pr\u00e9c\u00e9dent Suivant Day tours &#8211; Around Merdrignac : You will discover Moncontour, a small medieval town with its chouannerie [&hellip;]<\/p>\n","protected":false},"author":4,"featured_media":0,"parent":0,"menu_order":0,"comment_status":"closed","ping_status":"closed","template":"elementor_header_footer","meta":{"ocean_post_layout":"","ocean_both_sidebars_style":"","ocean_both_sidebars_content_width":0,"ocean_both_sidebars_sidebars_width":0,"ocean_sidebar":"0","ocean_second_sidebar":"0","ocean_disable_margins":"enable","ocean_add_body_class":"","ocean_shortcode_before_top_bar":"","ocean_shortcode_after_top_bar":"","ocean_shortcode_before_header":"","ocean_shortcode_after_header":"","ocean_has_shortcode":"","ocean_shortcode_after_title":"","ocean_shortcode_before_footer_widgets":"","ocean_shortcode_after_footer_widgets":"","ocean_shortcode_before_footer_bottom":"","ocean_shortcode_after_footer_bottom":"","ocean_display_top_bar":"default","ocean_display_header":"default","ocean_header_style":"","ocean_center_header_left_menu":"0","ocean_custom_header_template":"0","ocean_custom_logo":0,"ocean_custom_retina_logo":0,"ocean_custom_logo_max_width":0,"ocean_custom_logo_tablet_max_width":0,"ocean_custom_logo_mobile_max_width":0,"ocean_custom_logo_max_height":0,"ocean_custom_logo_tablet_max_height":0,"ocean_custom_logo_mobile_max_height":0,"ocean_header_custom_menu":"0","ocean_menu_typo_font_family":"0","ocean_menu_typo_font_subset":"","ocean_menu_typo_font_size":0,"ocean_menu_typo_font_size_tablet":0,"ocean_menu_typo_font_size_mobile":0,"ocean_menu_typo_font_size_unit":"px","ocean_menu_typo_font_weight":"","ocean_menu_typo_font_weight_tablet":"","ocean_menu_typo_font_weight_mobile":"","ocean_menu_typo_transform":"","ocean_menu_typo_transform_tablet":"","ocean_menu_typo_transform_mobile":"","ocean_menu_typo_line_height":0,"ocean_menu_typo_line_height_tablet":0,"ocean_menu_typo_line_height_mobile":0,"ocean_menu_typo_line_height_unit":"","ocean_menu_typo_spacing":0,"ocean_menu_typo_spacing_tablet":0,"ocean_menu_typo_spacing_mobile":0,"ocean_menu_typo_spacing_unit":"","ocean_menu_link_color":"","ocean_menu_link_color_hover":"","ocean_menu_link_color_active":"","ocean_menu_link_background":"","ocean_menu_link_hover_background":"","ocean_menu_link_active_background":"","ocean_menu_social_links_bg":"","ocean_menu_social_hover_links_bg":"","ocean_menu_social_links_color":"","ocean_menu_social_hover_links_color":"","ocean_disable_title":"default","ocean_disable_heading":"default","ocean_post_title":"","ocean_post_subheading":"","ocean_post_title_style":"","ocean_post_title_background_color":"","ocean_post_title_background":0,"ocean_post_title_bg_image_position":"","ocean_post_title_bg_image_attachment":"","ocean_post_title_bg_image_repeat":"","ocean_post_title_bg_image_size":"","ocean_post_title_height":0,"ocean_post_title_bg_overlay":0.5,"ocean_post_title_bg_overlay_color":"","ocean_disable_breadcrumbs":"default","ocean_breadcrumbs_color":"","ocean_breadcrumbs_separator_color":"","ocean_breadcrumbs_links_color":"","ocean_breadcrumbs_links_hover_color":"","ocean_display_footer_widgets":"default","ocean_display_footer_bottom":"default","ocean_custom_footer_template":"0","footnotes":""},"class_list":["post-14939","page","type-page","status-publish","hentry","entry"],"yoast_head":"<!-- This site is optimized with the Yoast SEO plugin v27.5 - https:\/\/yoast.com\/product\/yoast-seo-wordpress\/ -->\n<title>DAY TOURS - Val de Landrouet. Camping Bretagne proche de Broc\u00e9liande<\/title>\n<meta name=\"robots\" content=\"index, follow, max-snippet:-1, max-image-preview:large, max-video-preview:-1\" \/>\n<link rel=\"canonical\" href=\"https:\/\/www.valdelandrouet.com\/circuit-a-la-journee\/\" \/>\n<meta property=\"og:locale\" content=\"en_US\" \/>\n<meta property=\"og:type\" content=\"article\" \/>\n<meta property=\"og:title\" content=\"DAY TOURS - Val de Landrouet. Camping Bretagne proche de Broc\u00e9liande\" \/>\n<meta property=\"og:description\" content=\"Day tours Camping Val de Landrou\u00ebt in Brittany Discover our ideas for day tours! We offer you several ideas for day trips departing from Val de Landrou\u00ebt so that you can discover the best of Brittany. Pr\u00e9c\u00e9dent Suivant Day tours &#8211; Around Merdrignac : You will discover Moncontour, a small medieval town with its chouannerie [&hellip;]\" \/>\n<meta property=\"og:url\" content=\"https:\/\/www.valdelandrouet.com\/circuit-a-la-journee\/\" \/>\n<meta property=\"og:site_name\" content=\"Val de Landrouet. Camping Bretagne proche de Broc\u00e9liande\" \/>\n<meta property=\"article:modified_time\" content=\"2024-12-16T08:58:33+00:00\" \/>\n<meta name=\"twitter:card\" content=\"summary_large_image\" \/>\n<meta name=\"twitter:label1\" content=\"Est. reading time\" \/>\n\t<meta name=\"twitter:data1\" content=\"1 minute\" \/>\n<script type=\"application\/ld+json\" class=\"yoast-schema-graph\">{\"@context\":\"https:\\\/\\\/schema.org\",\"@graph\":[{\"@type\":\"WebPage\",\"@id\":\"https:\\\/\\\/www.valdelandrouet.com\\\/circuit-a-la-journee\\\/\",\"url\":\"https:\\\/\\\/www.valdelandrouet.com\\\/circuit-a-la-journee\\\/\",\"name\":\"DAY TOURS - Val de Landrouet. Camping Bretagne proche de Broc\u00e9liande\",\"isPartOf\":{\"@id\":\"https:\\\/\\\/www.valdelandrouet.com\\\/#website\"},\"datePublished\":\"2017-12-22T11:10:50+00:00\",\"dateModified\":\"2024-12-16T08:58:33+00:00\",\"breadcrumb\":{\"@id\":\"https:\\\/\\\/www.valdelandrouet.com\\\/circuit-a-la-journee\\\/#breadcrumb\"},\"inLanguage\":\"en-US\",\"potentialAction\":[{\"@type\":\"ReadAction\",\"target\":[\"https:\\\/\\\/www.valdelandrouet.com\\\/circuit-a-la-journee\\\/\"]}]},{\"@type\":\"BreadcrumbList\",\"@id\":\"https:\\\/\\\/www.valdelandrouet.com\\\/circuit-a-la-journee\\\/#breadcrumb\",\"itemListElement\":[{\"@type\":\"ListItem\",\"position\":1,\"name\":\"Accueil\",\"item\":\"https:\\\/\\\/www.valdelandrouet.com\\\/\"},{\"@type\":\"ListItem\",\"position\":2,\"name\":\"DAY TOURS\"}]},{\"@type\":\"WebSite\",\"@id\":\"https:\\\/\\\/www.valdelandrouet.com\\\/#website\",\"url\":\"https:\\\/\\\/www.valdelandrouet.com\\\/\",\"name\":\"Val de Landrouet. Camping Bretagne proche de Broc\u00e9liande\",\"description\":\"\",\"publisher\":{\"@id\":\"https:\\\/\\\/www.valdelandrouet.com\\\/#organization\"},\"potentialAction\":[{\"@type\":\"SearchAction\",\"target\":{\"@type\":\"EntryPoint\",\"urlTemplate\":\"https:\\\/\\\/www.valdelandrouet.com\\\/?s={search_term_string}\"},\"query-input\":{\"@type\":\"PropertyValueSpecification\",\"valueRequired\":true,\"valueName\":\"search_term_string\"}}],\"inLanguage\":\"en-US\"},{\"@type\":\"Organization\",\"@id\":\"https:\\\/\\\/www.valdelandrouet.com\\\/#organization\",\"name\":\"Val de Landrouet. Camping Bretagne proche de Broc\u00e9liande\",\"url\":\"https:\\\/\\\/www.valdelandrouet.com\\\/\",\"logo\":{\"@type\":\"ImageObject\",\"inLanguage\":\"en-US\",\"@id\":\"https:\\\/\\\/www.valdelandrouet.com\\\/#\\\/schema\\\/logo\\\/image\\\/\",\"url\":\"https:\\\/\\\/www.valdelandrouet.com\\\/wp-content\\\/uploads\\\/2021\\\/12\\\/logo-val-de-landrouet.png\",\"contentUrl\":\"https:\\\/\\\/www.valdelandrouet.com\\\/wp-content\\\/uploads\\\/2021\\\/12\\\/logo-val-de-landrouet.png\",\"width\":800,\"height\":110,\"caption\":\"Val de Landrouet. Camping Bretagne proche de Broc\u00e9liande\"},\"image\":{\"@id\":\"https:\\\/\\\/www.valdelandrouet.com\\\/#\\\/schema\\\/logo\\\/image\\\/\"}}]}<\/script>\n<!-- \/ Yoast SEO plugin. -->","yoast_head_json":{"title":"DAY TOURS - Val de Landrouet. Camping Bretagne proche de Broc\u00e9liande","robots":{"index":"index","follow":"follow","max-snippet":"max-snippet:-1","max-image-preview":"max-image-preview:large","max-video-preview":"max-video-preview:-1"},"canonical":"https:\/\/www.valdelandrouet.com\/circuit-a-la-journee\/","og_locale":"en_US","og_type":"article","og_title":"DAY TOURS - Val de Landrouet. Camping Bretagne proche de Broc\u00e9liande","og_description":"Day tours Camping Val de Landrou\u00ebt in Brittany Discover our ideas for day tours! We offer you several ideas for day trips departing from Val de Landrou\u00ebt so that you can discover the best of Brittany. Pr\u00e9c\u00e9dent Suivant Day tours &#8211; Around Merdrignac : You will discover Moncontour, a small medieval town with its chouannerie [&hellip;]","og_url":"https:\/\/www.valdelandrouet.com\/circuit-a-la-journee\/","og_site_name":"Val de Landrouet. Camping Bretagne proche de Broc\u00e9liande","article_modified_time":"2024-12-16T08:58:33+00:00","twitter_card":"summary_large_image","twitter_misc":{"Est. reading time":"1 minute"},"schema":{"@context":"https:\/\/schema.org","@graph":[{"@type":"WebPage","@id":"https:\/\/www.valdelandrouet.com\/circuit-a-la-journee\/","url":"https:\/\/www.valdelandrouet.com\/circuit-a-la-journee\/","name":"DAY TOURS - Val de Landrouet. Camping Bretagne proche de Broc\u00e9liande","isPartOf":{"@id":"https:\/\/www.valdelandrouet.com\/#website"},"datePublished":"2017-12-22T11:10:50+00:00","dateModified":"2024-12-16T08:58:33+00:00","breadcrumb":{"@id":"https:\/\/www.valdelandrouet.com\/circuit-a-la-journee\/#breadcrumb"},"inLanguage":"en-US","potentialAction":[{"@type":"ReadAction","target":["https:\/\/www.valdelandrouet.com\/circuit-a-la-journee\/"]}]},{"@type":"BreadcrumbList","@id":"https:\/\/www.valdelandrouet.com\/circuit-a-la-journee\/#breadcrumb","itemListElement":[{"@type":"ListItem","position":1,"name":"Accueil","item":"https:\/\/www.valdelandrouet.com\/"},{"@type":"ListItem","position":2,"name":"DAY TOURS"}]},{"@type":"WebSite","@id":"https:\/\/www.valdelandrouet.com\/#website","url":"https:\/\/www.valdelandrouet.com\/","name":"Val de Landrouet. Camping Bretagne proche de Broc\u00e9liande","description":"","publisher":{"@id":"https:\/\/www.valdelandrouet.com\/#organization"},"potentialAction":[{"@type":"SearchAction","target":{"@type":"EntryPoint","urlTemplate":"https:\/\/www.valdelandrouet.com\/?s={search_term_string}"},"query-input":{"@type":"PropertyValueSpecification","valueRequired":true,"valueName":"search_term_string"}}],"inLanguage":"en-US"},{"@type":"Organization","@id":"https:\/\/www.valdelandrouet.com\/#organization","name":"Val de Landrouet. Camping Bretagne proche de Broc\u00e9liande","url":"https:\/\/www.valdelandrouet.com\/","logo":{"@type":"ImageObject","inLanguage":"en-US","@id":"https:\/\/www.valdelandrouet.com\/#\/schema\/logo\/image\/","url":"https:\/\/www.valdelandrouet.com\/wp-content\/uploads\/2021\/12\/logo-val-de-landrouet.png","contentUrl":"https:\/\/www.valdelandrouet.com\/wp-content\/uploads\/2021\/12\/logo-val-de-landrouet.png","width":800,"height":110,"caption":"Val de Landrouet. Camping Bretagne proche de Broc\u00e9liande"},"image":{"@id":"https:\/\/www.valdelandrouet.com\/#\/schema\/logo\/image\/"}}]}},"_links":{"self":[{"href":"https:\/\/www.valdelandrouet.com\/en\/wp-json\/wp\/v2\/pages\/14939","targetHints":{"allow":["GET"]}}],"collection":[{"href":"https:\/\/www.valdelandrouet.com\/en\/wp-json\/wp\/v2\/pages"}],"about":[{"href":"https:\/\/www.valdelandrouet.com\/en\/wp-json\/wp\/v2\/types\/page"}],"author":[{"embeddable":true,"href":"https:\/\/www.valdelandrouet.com\/en\/wp-json\/wp\/v2\/users\/4"}],"replies":[{"embeddable":true,"href":"https:\/\/www.valdelandrouet.com\/en\/wp-json\/wp\/v2\/comments?post=14939"}],"version-history":[{"count":12,"href":"https:\/\/www.valdelandrouet.com\/en\/wp-json\/wp\/v2\/pages\/14939\/revisions"}],"predecessor-version":[{"id":22853,"href":"https:\/\/www.valdelandrouet.com\/en\/wp-json\/wp\/v2\/pages\/14939\/revisions\/22853"}],"wp:attachment":[{"href":"https:\/\/www.valdelandrouet.com\/en\/wp-json\/wp\/v2\/media?parent=14939"}],"curies":[{"name":"wp","href":"https:\/\/api.w.org\/{rel}","templated":true}]}}