{"id":14896,"date":"2017-12-22T12:09:47","date_gmt":"2017-12-22T11:09:47","guid":{"rendered":"https:\/\/www.valdelandrouet.com\/?page_id=14896"},"modified":"2024-12-16T10:13:04","modified_gmt":"2024-12-16T09:13:04","slug":"walks","status":"publish","type":"page","link":"https:\/\/www.valdelandrouet.com\/en\/walks\/","title":{"rendered":"Walks"},"content":{"rendered":"\t\t<div data-elementor-type=\"wp-page\" data-elementor-id=\"14896\" class=\"elementor elementor-14896 elementor-4295\" data-elementor-post-type=\"page\">\n\t\t\t\t\t\t<section class=\"elementor-section elementor-top-section elementor-element elementor-element-1d772af elementor-section-full_width elementor-section-height-default elementor-section-height-default\" data-id=\"1d772af\" data-element_type=\"section\" data-e-type=\"section\" data-settings=\"{&quot;background_background&quot;:&quot;classic&quot;}\">\n\t\t\t\t\t\t<div class=\"elementor-container elementor-column-gap-default\">\n\t\t\t\t\t<div class=\"elementor-column elementor-col-100 elementor-top-column elementor-element elementor-element-bfdcbdc\" data-id=\"bfdcbdc\" data-element_type=\"column\" data-e-type=\"column\">\n\t\t\t<div class=\"elementor-widget-wrap elementor-element-populated\">\n\t\t\t\t\t\t<section class=\"elementor-section elementor-inner-section elementor-element elementor-element-26327d0 elementor-section-boxed elementor-section-height-default elementor-section-height-default\" data-id=\"26327d0\" data-element_type=\"section\" data-e-type=\"section\">\n\t\t\t\t\t\t<div class=\"elementor-container elementor-column-gap-default\">\n\t\t\t\t\t<div class=\"elementor-column elementor-col-100 elementor-inner-column elementor-element elementor-element-43e0037 elementor-invisible\" data-id=\"43e0037\" data-element_type=\"column\" data-e-type=\"column\" data-settings=\"{&quot;animation&quot;:&quot;fadeInUp&quot;}\">\n\t\t\t<div class=\"elementor-widget-wrap elementor-element-populated\">\n\t\t\t\t\t\t<div class=\"elementor-element elementor-element-a2f24e2 elementor-invisible elementor-widget elementor-widget-heading\" data-id=\"a2f24e2\" data-element_type=\"widget\" data-e-type=\"widget\" data-settings=\"{&quot;_animation&quot;:&quot;fadeInLeft&quot;}\" data-widget_type=\"heading.default\">\n\t\t\t\t<div class=\"elementor-widget-container\">\n\t\t\t\t\t<h1 class=\"elementor-heading-title elementor-size-default\">Walking tours<\/h1>\t\t\t\t<\/div>\n\t\t\t\t<\/div>\n\t\t\t\t<div class=\"elementor-element elementor-element-2d7b3f7 elementor-invisible elementor-widget elementor-widget-heading\" data-id=\"2d7b3f7\" data-element_type=\"widget\" data-e-type=\"widget\" data-settings=\"{&quot;_animation&quot;:&quot;fadeInUp&quot;}\" data-widget_type=\"heading.default\">\n\t\t\t\t<div class=\"elementor-widget-container\">\n\t\t\t\t\t<h2 class=\"elementor-heading-title elementor-size-default\">Camping Val de Landrou\u00ebt in Brittany<\/h2>\t\t\t\t<\/div>\n\t\t\t\t<\/div>\n\t\t\t\t<div class=\"elementor-element elementor-element-9b14700 elementor-widget elementor-widget-text-editor\" data-id=\"9b14700\" data-element_type=\"widget\" data-e-type=\"widget\" data-widget_type=\"text-editor.default\">\n\t\t\t\t<div class=\"elementor-widget-container\">\n\t\t\t\t\t\t\t\t\t<strong>Fan of hiking? Enjoy the many walks around! <\/strong>\t\t\t\t\t\t\t\t<\/div>\n\t\t\t\t<\/div>\n\t\t\t\t\t<\/div>\n\t\t<\/div>\n\t\t\t\t\t<\/div>\n\t\t<\/section>\n\t\t\t\t<section class=\"elementor-section elementor-inner-section elementor-element elementor-element-336384e elementor-section-boxed elementor-section-height-default elementor-section-height-default\" data-id=\"336384e\" data-element_type=\"section\" data-e-type=\"section\">\n\t\t\t\t\t\t<div class=\"elementor-container elementor-column-gap-default\">\n\t\t\t\t\t<div class=\"elementor-column elementor-col-100 elementor-inner-column elementor-element elementor-element-997f212\" data-id=\"997f212\" data-element_type=\"column\" data-e-type=\"column\">\n\t\t\t<div class=\"elementor-widget-wrap elementor-element-populated\">\n\t\t\t\t\t\t<section class=\"elementor-section elementor-inner-section elementor-element elementor-element-d24b4a7 elementor-section-content-top elementor-section-boxed elementor-section-height-default elementor-section-height-default\" data-id=\"d24b4a7\" data-element_type=\"section\" data-e-type=\"section\">\n\t\t\t\t\t\t<div class=\"elementor-container elementor-column-gap-default\">\n\t\t\t\t\t<div class=\"elementor-column elementor-col-50 elementor-inner-column elementor-element elementor-element-ccd0546\" data-id=\"ccd0546\" data-element_type=\"column\" data-e-type=\"column\">\n\t\t\t<div class=\"elementor-widget-wrap elementor-element-populated\">\n\t\t\t\t\t\t<div class=\"elementor-element elementor-element-3dea4fd elementor-skin-slideshow elementor-arrows-yes elementor-widget elementor-widget-media-carousel\" data-id=\"3dea4fd\" data-element_type=\"widget\" data-e-type=\"widget\" data-settings=\"{&quot;skin&quot;:&quot;slideshow&quot;,&quot;effect&quot;:&quot;slide&quot;,&quot;show_arrows&quot;:&quot;yes&quot;,&quot;speed&quot;:500,&quot;autoplay&quot;:&quot;yes&quot;,&quot;autoplay_speed&quot;:5000,&quot;loop&quot;:&quot;yes&quot;,&quot;pause_on_hover&quot;:&quot;yes&quot;,&quot;pause_on_interaction&quot;:&quot;yes&quot;,&quot;space_between&quot;:{&quot;unit&quot;:&quot;px&quot;,&quot;size&quot;:10,&quot;sizes&quot;:[]},&quot;space_between_widescreen&quot;:{&quot;unit&quot;:&quot;px&quot;,&quot;size&quot;:10,&quot;sizes&quot;:[]},&quot;space_between_laptop&quot;:{&quot;unit&quot;:&quot;px&quot;,&quot;size&quot;:10,&quot;sizes&quot;:[]},&quot;space_between_tablet_extra&quot;:{&quot;unit&quot;:&quot;px&quot;,&quot;size&quot;:10,&quot;sizes&quot;:[]},&quot;space_between_tablet&quot;:{&quot;unit&quot;:&quot;px&quot;,&quot;size&quot;:10,&quot;sizes&quot;:[]},&quot;space_between_mobile_extra&quot;:{&quot;unit&quot;:&quot;px&quot;,&quot;size&quot;:10,&quot;sizes&quot;:[]},&quot;space_between_mobile&quot;:{&quot;unit&quot;:&quot;px&quot;,&quot;size&quot;:10,&quot;sizes&quot;:[]}}\" data-widget_type=\"media-carousel.default\">\n\t\t\t\t<div class=\"elementor-widget-container\">\n\t\t\t\t\t\t\t\t\t<div class=\"elementor-swiper\">\n\t\t\t\t\t<div class=\"elementor-main-swiper swiper\" role=\"region\" aria-roledescription=\"carousel\" aria-label=\"Slides\">\n\t\t\t\t<div class=\"swiper-wrapper\">\n\t\t\t\t\t\t\t\t\t\t\t<div class=\"swiper-slide\" role=\"group\" aria-roledescription=\"slide\">\n\t\t\t\t\t\t\t\t\t<div class=\"elementor-carousel-image\" role=\"img\" aria-label=\"fotolia_115106877.jpg\" style=\"background-image: url(&#039;https:\/\/www.valdelandrouet.com\/wp-content\/uploads\/2024\/12\/fotolia_115106877.jpg&#039;)\">\n\n\t\t\t\n\t\t\t\t\t<\/div>\n\t\t\t\t\t\t\t\t<\/div>\n\t\t\t\t\t\t\t\t\t\t\t<div class=\"swiper-slide\" role=\"group\" aria-roledescription=\"slide\">\n\t\t\t\t\t\t\t\t\t<div class=\"elementor-carousel-image\" role=\"img\" aria-label=\"fotolia_113511330.jpg\" style=\"background-image: url(&#039;https:\/\/www.valdelandrouet.com\/wp-content\/uploads\/2024\/12\/fotolia_113511330.jpg&#039;)\">\n\n\t\t\t\n\t\t\t\t\t<\/div>\n\t\t\t\t\t\t\t\t<\/div>\n\t\t\t\t\t\t\t\t\t\t\t<div class=\"swiper-slide\" role=\"group\" aria-roledescription=\"slide\">\n\t\t\t\t\t\t\t\t\t<div class=\"elementor-carousel-image\" role=\"img\" aria-label=\"fotolia_106399296.jpg\" style=\"background-image: url(&#039;https:\/\/www.valdelandrouet.com\/wp-content\/uploads\/2024\/12\/fotolia_106399296.jpg&#039;)\">\n\n\t\t\t\n\t\t\t\t\t<\/div>\n\t\t\t\t\t\t\t\t<\/div>\n\t\t\t\t\t\t\t\t\t\t\t<div class=\"swiper-slide\" role=\"group\" aria-roledescription=\"slide\">\n\t\t\t\t\t\t\t\t\t<div class=\"elementor-carousel-image\" role=\"img\" aria-label=\"Fotolia_23075744_S.jpg\" style=\"background-image: url(&#039;https:\/\/www.valdelandrouet.com\/wp-content\/uploads\/2024\/12\/Fotolia_23075744_S.jpg&#039;)\">\n\n\t\t\t\n\t\t\t\t\t<\/div>\n\t\t\t\t\t\t\t\t<\/div>\n\t\t\t\t\t\t\t\t\t<\/div>\n\t\t\t\t\t\t\t\t\t\t\t\t\t\t\t<div class=\"elementor-swiper-button elementor-swiper-button-prev\" role=\"button\" tabindex=\"0\" aria-label=\"Previous\">\n\t\t\t\t\t\t\t<i aria-hidden=\"true\" class=\"eicon-chevron-left\"><\/i>\t\t\t\t\t\t<\/div>\n\t\t\t\t\t\t<div class=\"elementor-swiper-button elementor-swiper-button-next\" role=\"button\" tabindex=\"0\" aria-label=\"Next\">\n\t\t\t\t\t\t\t<i aria-hidden=\"true\" class=\"eicon-chevron-right\"><\/i>\t\t\t\t\t\t<\/div>\n\t\t\t\t\t\t\t\t\t\t\t\t\t\t\t\t\t<\/div>\n\t\t\t\t<\/div>\n\t\t\t\t\t\t\t\t<div class=\"elementor-swiper\">\n\t\t\t\t\t<div class=\"elementor-main-swiper swiper elementor-thumbnails-swiper swiper\" role=\"region region\" aria-roledescription=\"carousel carousel\" aria-label=\"Slides Slides\">\n\t\t\t\t<div class=\"swiper-wrapper\">\n\t\t\t\t\t\t\t\t\t\t\t<div class=\"swiper-slide\" role=\"group\" aria-roledescription=\"slide\">\n\t\t\t\t\t\t\t\t\t<div class=\"elementor-carousel-image\" role=\"img\" aria-label=\"fotolia_115106877.jpg\" style=\"background-image: url(&#039;https:\/\/www.valdelandrouet.com\/wp-content\/uploads\/2024\/12\/fotolia_115106877.jpg&#039;)\">\n\n\t\t\t\n\t\t\t\t\t<\/div>\n\t\t\t\t\t\t\t\t<\/div>\n\t\t\t\t\t\t\t\t\t\t\t<div class=\"swiper-slide\" role=\"group\" aria-roledescription=\"slide\">\n\t\t\t\t\t\t\t\t\t<div class=\"elementor-carousel-image\" role=\"img\" aria-label=\"fotolia_113511330.jpg\" style=\"background-image: url(&#039;https:\/\/www.valdelandrouet.com\/wp-content\/uploads\/2024\/12\/fotolia_113511330.jpg&#039;)\">\n\n\t\t\t\n\t\t\t\t\t<\/div>\n\t\t\t\t\t\t\t\t<\/div>\n\t\t\t\t\t\t\t\t\t\t\t<div class=\"swiper-slide\" role=\"group\" aria-roledescription=\"slide\">\n\t\t\t\t\t\t\t\t\t<div class=\"elementor-carousel-image\" role=\"img\" aria-label=\"fotolia_106399296.jpg\" style=\"background-image: url(&#039;https:\/\/www.valdelandrouet.com\/wp-content\/uploads\/2024\/12\/fotolia_106399296.jpg&#039;)\">\n\n\t\t\t\n\t\t\t\t\t<\/div>\n\t\t\t\t\t\t\t\t<\/div>\n\t\t\t\t\t\t\t\t\t\t\t<div class=\"swiper-slide\" role=\"group\" aria-roledescription=\"slide\">\n\t\t\t\t\t\t\t\t\t<div class=\"elementor-carousel-image\" role=\"img\" aria-label=\"Fotolia_23075744_S.jpg\" style=\"background-image: url(&#039;https:\/\/www.valdelandrouet.com\/wp-content\/uploads\/2024\/12\/Fotolia_23075744_S.jpg&#039;)\">\n\n\t\t\t\n\t\t\t\t\t<\/div>\n\t\t\t\t\t\t\t\t<\/div>\n\t\t\t\t\t\t\t\t\t<\/div>\n\t\t\t\t\t\t\t\t\t\t\t\t\t\t\t\t\t\t\t\t\t<\/div>\n\t\t\t\t<\/div>\n\t\t\t\t\t\t\t\t<\/div>\n\t\t\t\t<\/div>\n\t\t\t\t\t<\/div>\n\t\t<\/div>\n\t\t\t\t<div class=\"elementor-column elementor-col-50 elementor-inner-column elementor-element elementor-element-b90691f elementor-invisible\" data-id=\"b90691f\" data-element_type=\"column\" data-e-type=\"column\" data-settings=\"{&quot;animation&quot;:&quot;fadeInRight&quot;}\">\n\t\t\t<div class=\"elementor-widget-wrap elementor-element-populated\">\n\t\t\t\t\t\t<div class=\"elementor-element elementor-element-69fe0d7 elementor-widget elementor-widget-heading\" data-id=\"69fe0d7\" data-element_type=\"widget\" data-e-type=\"widget\" data-widget_type=\"heading.default\">\n\t\t\t\t<div class=\"elementor-widget-container\">\n\t\t\t\t\t<h3 class=\"elementor-heading-title elementor-size-default\">Marked hiking trails<\/h3>\t\t\t\t<\/div>\n\t\t\t\t<\/div>\n\t\t\t\t<div class=\"elementor-element elementor-element-c71eb9d elementor-widget-divider--view-line elementor-widget elementor-widget-divider\" data-id=\"c71eb9d\" data-element_type=\"widget\" data-e-type=\"widget\" data-widget_type=\"divider.default\">\n\t\t\t\t<div class=\"elementor-widget-container\">\n\t\t\t\t\t\t\t<div class=\"elementor-divider\">\n\t\t\t<span class=\"elementor-divider-separator\">\n\t\t\t\t\t\t<\/span>\n\t\t<\/div>\n\t\t\t\t\t\t<\/div>\n\t\t\t\t<\/div>\n\t\t\t\t<div class=\"elementor-element elementor-element-377a747 elementor-widget elementor-widget-text-editor\" data-id=\"377a747\" data-element_type=\"widget\" data-e-type=\"widget\" data-widget_type=\"text-editor.default\">\n\t\t\t\t<div class=\"elementor-widget-container\">\n\t\t\t\t\t\t\t\t\t<p>At reception, we provide you with different<strong>marked hiking trails in Merdrignac or the surrounding towns.<\/strong><\/p><p>These sheets present the points of interest to discover throughout your journey and offer <strong>several alternatives to the circuit to adapt to your desires.<\/strong><\/p><p><strong>Most of these circuits can also be done by bike.<\/strong><\/p><p>Do not hesitate to ask us for them during your stay or <strong>download them<\/strong> now below:<\/p>\t\t\t\t\t\t\t\t<\/div>\n\t\t\t\t<\/div>\n\t\t\t\t<section class=\"elementor-section elementor-inner-section elementor-element elementor-element-56a1d5e elementor-section-boxed elementor-section-height-default elementor-section-height-default\" data-id=\"56a1d5e\" data-element_type=\"section\" data-e-type=\"section\">\n\t\t\t\t\t\t<div class=\"elementor-container elementor-column-gap-default\">\n\t\t\t\t\t<div class=\"elementor-column elementor-col-50 elementor-inner-column elementor-element elementor-element-968557e\" data-id=\"968557e\" data-element_type=\"column\" data-e-type=\"column\">\n\t\t\t<div class=\"elementor-widget-wrap elementor-element-populated\">\n\t\t\t\t\t\t<div class=\"elementor-element elementor-element-75d5595 elementor-widget elementor-widget-text-editor\" data-id=\"75d5595\" data-element_type=\"widget\" data-e-type=\"widget\" data-widget_type=\"text-editor.default\">\n\t\t\t\t<div class=\"elementor-widget-container\">\n\t\t\t\t\t\t\t\t\t<p>&#8211; <a href=\"https:\/\/www.valdelandrouet.com\/wp-content\/uploads\/2022\/04\/Randonnee-a-Laurenan_Au_carrefour_des_voies.pdf\">Laurenan: At the crossroads of the tracks<\/a><br \/>&#8211; <a href=\"https:\/\/www.cotesdarmor.com\/fr\/fiche\/tourist-itineraries\/le-circuit-du-perfaux-a-saint-vran-saint-vran_TFOITIBRE022V51PFX7\/\">Saint Vran: Circuit du Perfaut <\/a><br \/>&#8211; <a href=\"https:\/\/www.cotesdarmor.com\/fr\/fiche\/itineraires-touristiques\/circuit-de-la-forge-saint-launeuc_TFOITIBRE022V51FO9P\/\">Saint-Launeuc: Circuit de la forge<\/a><br \/>&#8211; <a href=\"https:\/\/www.sentiers-en-france.eu\/sentiers-cotes-darmor-22\/gomene\/sentier-par-le-menhir-de-la-pellionaye\" target=\"_blank\" rel=\"noopener\">Gomened by the Pellionaye menhir<\/a><\/p>\t\t\t\t\t\t\t\t<\/div>\n\t\t\t\t<\/div>\n\t\t\t\t\t<\/div>\n\t\t<\/div>\n\t\t\t\t<div class=\"elementor-column elementor-col-50 elementor-inner-column elementor-element elementor-element-d96da75\" data-id=\"d96da75\" data-element_type=\"column\" data-e-type=\"column\">\n\t\t\t<div class=\"elementor-widget-wrap elementor-element-populated\">\n\t\t\t\t\t\t<div class=\"elementor-element elementor-element-537b1c2 elementor-widget elementor-widget-text-editor\" data-id=\"537b1c2\" data-element_type=\"widget\" data-e-type=\"widget\" data-widget_type=\"text-editor.default\">\n\t\t\t\t<div class=\"elementor-widget-container\">\n\t\t\t\t\t\t\t\t\t<p>&#8211; <a href=\"https:\/\/www.valdelandrouet.com\/wp-content\/uploads\/2022\/04\/Rando-merdrignac.pdf\">Merdrignac, the Duke&#8217;s path<\/a><br \/>&#8211; <a href=\"https:\/\/www.capderquy-valandre.com\/je-prepare-mon-sejour\/randonner\/a-pied\" target=\"_blank\" rel=\"noopener\">Discover Moncontour<\/a><\/p>\t\t\t\t\t\t\t\t<\/div>\n\t\t\t\t<\/div>\n\t\t\t\t\t<\/div>\n\t\t<\/div>\n\t\t\t\t\t<\/div>\n\t\t<\/section>\n\t\t\t\t\t<\/div>\n\t\t<\/div>\n\t\t\t\t\t<\/div>\n\t\t<\/section>\n\t\t\t\t\t<\/div>\n\t\t<\/div>\n\t\t\t\t\t<\/div>\n\t\t<\/section>\n\t\t\t\t\t<\/div>\n\t\t<\/div>\n\t\t\t\t\t<\/div>\n\t\t<\/section>\n\t\t\t\t<\/div>\n\t\t","protected":false},"excerpt":{"rendered":"<p>Walking tours Camping Val de Landrou\u00ebt in Brittany Fan of hiking? Enjoy the many walks around! Pr\u00e9c\u00e9dent Suivant Marked hiking trails At reception, we provide you with differentmarked hiking trails in Merdrignac or the surrounding towns. These sheets present the points of interest to discover throughout your journey and offer several alternatives to the circuit [&hellip;]<\/p>\n","protected":false},"author":4,"featured_media":0,"parent":0,"menu_order":0,"comment_status":"closed","ping_status":"closed","template":"elementor_header_footer","meta":{"ocean_post_layout":"","ocean_both_sidebars_style":"","ocean_both_sidebars_content_width":0,"ocean_both_sidebars_sidebars_width":0,"ocean_sidebar":"0","ocean_second_sidebar":"0","ocean_disable_margins":"enable","ocean_add_body_class":"","ocean_shortcode_before_top_bar":"","ocean_shortcode_after_top_bar":"","ocean_shortcode_before_header":"","ocean_shortcode_after_header":"","ocean_has_shortcode":"","ocean_shortcode_after_title":"","ocean_shortcode_before_footer_widgets":"","ocean_shortcode_after_footer_widgets":"","ocean_shortcode_before_footer_bottom":"","ocean_shortcode_after_footer_bottom":"","ocean_display_top_bar":"default","ocean_display_header":"default","ocean_header_style":"","ocean_center_header_left_menu":"0","ocean_custom_header_template":"0","ocean_custom_logo":0,"ocean_custom_retina_logo":0,"ocean_custom_logo_max_width":0,"ocean_custom_logo_tablet_max_width":0,"ocean_custom_logo_mobile_max_width":0,"ocean_custom_logo_max_height":0,"ocean_custom_logo_tablet_max_height":0,"ocean_custom_logo_mobile_max_height":0,"ocean_header_custom_menu":"0","ocean_menu_typo_font_family":"0","ocean_menu_typo_font_subset":"","ocean_menu_typo_font_size":0,"ocean_menu_typo_font_size_tablet":0,"ocean_menu_typo_font_size_mobile":0,"ocean_menu_typo_font_size_unit":"px","ocean_menu_typo_font_weight":"","ocean_menu_typo_font_weight_tablet":"","ocean_menu_typo_font_weight_mobile":"","ocean_menu_typo_transform":"","ocean_menu_typo_transform_tablet":"","ocean_menu_typo_transform_mobile":"","ocean_menu_typo_line_height":0,"ocean_menu_typo_line_height_tablet":0,"ocean_menu_typo_line_height_mobile":0,"ocean_menu_typo_line_height_unit":"","ocean_menu_typo_spacing":0,"ocean_menu_typo_spacing_tablet":0,"ocean_menu_typo_spacing_mobile":0,"ocean_menu_typo_spacing_unit":"","ocean_menu_link_color":"","ocean_menu_link_color_hover":"","ocean_menu_link_color_active":"","ocean_menu_link_background":"","ocean_menu_link_hover_background":"","ocean_menu_link_active_background":"","ocean_menu_social_links_bg":"","ocean_menu_social_hover_links_bg":"","ocean_menu_social_links_color":"","ocean_menu_social_hover_links_color":"","ocean_disable_title":"default","ocean_disable_heading":"default","ocean_post_title":"","ocean_post_subheading":"","ocean_post_title_style":"","ocean_post_title_background_color":"","ocean_post_title_background":0,"ocean_post_title_bg_image_position":"","ocean_post_title_bg_image_attachment":"","ocean_post_title_bg_image_repeat":"","ocean_post_title_bg_image_size":"","ocean_post_title_height":0,"ocean_post_title_bg_overlay":0.5,"ocean_post_title_bg_overlay_color":"","ocean_disable_breadcrumbs":"default","ocean_breadcrumbs_color":"","ocean_breadcrumbs_separator_color":"","ocean_breadcrumbs_links_color":"","ocean_breadcrumbs_links_hover_color":"","ocean_display_footer_widgets":"default","ocean_display_footer_bottom":"default","ocean_custom_footer_template":"0","footnotes":""},"class_list":["post-14896","page","type-page","status-publish","hentry","entry"],"yoast_head":"<!-- This site is optimized with the Yoast SEO plugin v27.5 - https:\/\/yoast.com\/product\/yoast-seo-wordpress\/ -->\n<title>Walks - Val de Landrouet. Camping Bretagne proche de Broc\u00e9liande<\/title>\n<meta name=\"robots\" content=\"index, follow, max-snippet:-1, max-image-preview:large, max-video-preview:-1\" \/>\n<link rel=\"canonical\" href=\"https:\/\/www.valdelandrouet.com\/balades-a-pied\/\" \/>\n<meta property=\"og:locale\" content=\"en_US\" \/>\n<meta property=\"og:type\" content=\"article\" \/>\n<meta property=\"og:title\" content=\"Walks - Val de Landrouet. Camping Bretagne proche de Broc\u00e9liande\" \/>\n<meta property=\"og:description\" content=\"Walking tours Camping Val de Landrou\u00ebt in Brittany Fan of hiking? Enjoy the many walks around! Pr\u00e9c\u00e9dent Suivant Marked hiking trails At reception, we provide you with differentmarked hiking trails in Merdrignac or the surrounding towns. These sheets present the points of interest to discover throughout your journey and offer several alternatives to the circuit [&hellip;]\" \/>\n<meta property=\"og:url\" content=\"https:\/\/www.valdelandrouet.com\/balades-a-pied\/\" \/>\n<meta property=\"og:site_name\" content=\"Val de Landrouet. Camping Bretagne proche de Broc\u00e9liande\" \/>\n<meta property=\"article:modified_time\" content=\"2024-12-16T09:13:04+00:00\" \/>\n<meta name=\"twitter:card\" content=\"summary_large_image\" \/>\n<meta name=\"twitter:label1\" content=\"Est. reading time\" \/>\n\t<meta name=\"twitter:data1\" content=\"1 minute\" \/>\n<script type=\"application\/ld+json\" class=\"yoast-schema-graph\">{\"@context\":\"https:\\\/\\\/schema.org\",\"@graph\":[{\"@type\":\"WebPage\",\"@id\":\"https:\\\/\\\/www.valdelandrouet.com\\\/balades-a-pied\\\/\",\"url\":\"https:\\\/\\\/www.valdelandrouet.com\\\/balades-a-pied\\\/\",\"name\":\"Walks - Val de Landrouet. Camping Bretagne proche de Broc\u00e9liande\",\"isPartOf\":{\"@id\":\"https:\\\/\\\/www.valdelandrouet.com\\\/#website\"},\"datePublished\":\"2017-12-22T11:09:47+00:00\",\"dateModified\":\"2024-12-16T09:13:04+00:00\",\"breadcrumb\":{\"@id\":\"https:\\\/\\\/www.valdelandrouet.com\\\/balades-a-pied\\\/#breadcrumb\"},\"inLanguage\":\"en-US\",\"potentialAction\":[{\"@type\":\"ReadAction\",\"target\":[\"https:\\\/\\\/www.valdelandrouet.com\\\/balades-a-pied\\\/\"]}]},{\"@type\":\"BreadcrumbList\",\"@id\":\"https:\\\/\\\/www.valdelandrouet.com\\\/balades-a-pied\\\/#breadcrumb\",\"itemListElement\":[{\"@type\":\"ListItem\",\"position\":1,\"name\":\"Accueil\",\"item\":\"https:\\\/\\\/www.valdelandrouet.com\\\/\"},{\"@type\":\"ListItem\",\"position\":2,\"name\":\"Walks\"}]},{\"@type\":\"WebSite\",\"@id\":\"https:\\\/\\\/www.valdelandrouet.com\\\/#website\",\"url\":\"https:\\\/\\\/www.valdelandrouet.com\\\/\",\"name\":\"Val de Landrouet. Camping Bretagne proche de Broc\u00e9liande\",\"description\":\"\",\"publisher\":{\"@id\":\"https:\\\/\\\/www.valdelandrouet.com\\\/#organization\"},\"potentialAction\":[{\"@type\":\"SearchAction\",\"target\":{\"@type\":\"EntryPoint\",\"urlTemplate\":\"https:\\\/\\\/www.valdelandrouet.com\\\/?s={search_term_string}\"},\"query-input\":{\"@type\":\"PropertyValueSpecification\",\"valueRequired\":true,\"valueName\":\"search_term_string\"}}],\"inLanguage\":\"en-US\"},{\"@type\":\"Organization\",\"@id\":\"https:\\\/\\\/www.valdelandrouet.com\\\/#organization\",\"name\":\"Val de Landrouet. Camping Bretagne proche de Broc\u00e9liande\",\"url\":\"https:\\\/\\\/www.valdelandrouet.com\\\/\",\"logo\":{\"@type\":\"ImageObject\",\"inLanguage\":\"en-US\",\"@id\":\"https:\\\/\\\/www.valdelandrouet.com\\\/#\\\/schema\\\/logo\\\/image\\\/\",\"url\":\"https:\\\/\\\/www.valdelandrouet.com\\\/wp-content\\\/uploads\\\/2021\\\/12\\\/logo-val-de-landrouet.png\",\"contentUrl\":\"https:\\\/\\\/www.valdelandrouet.com\\\/wp-content\\\/uploads\\\/2021\\\/12\\\/logo-val-de-landrouet.png\",\"width\":800,\"height\":110,\"caption\":\"Val de Landrouet. Camping Bretagne proche de Broc\u00e9liande\"},\"image\":{\"@id\":\"https:\\\/\\\/www.valdelandrouet.com\\\/#\\\/schema\\\/logo\\\/image\\\/\"}}]}<\/script>\n<!-- \/ Yoast SEO plugin. -->","yoast_head_json":{"title":"Walks - Val de Landrouet. Camping Bretagne proche de Broc\u00e9liande","robots":{"index":"index","follow":"follow","max-snippet":"max-snippet:-1","max-image-preview":"max-image-preview:large","max-video-preview":"max-video-preview:-1"},"canonical":"https:\/\/www.valdelandrouet.com\/balades-a-pied\/","og_locale":"en_US","og_type":"article","og_title":"Walks - Val de Landrouet. Camping Bretagne proche de Broc\u00e9liande","og_description":"Walking tours Camping Val de Landrou\u00ebt in Brittany Fan of hiking? Enjoy the many walks around! Pr\u00e9c\u00e9dent Suivant Marked hiking trails At reception, we provide you with differentmarked hiking trails in Merdrignac or the surrounding towns. These sheets present the points of interest to discover throughout your journey and offer several alternatives to the circuit [&hellip;]","og_url":"https:\/\/www.valdelandrouet.com\/balades-a-pied\/","og_site_name":"Val de Landrouet. Camping Bretagne proche de Broc\u00e9liande","article_modified_time":"2024-12-16T09:13:04+00:00","twitter_card":"summary_large_image","twitter_misc":{"Est. reading time":"1 minute"},"schema":{"@context":"https:\/\/schema.org","@graph":[{"@type":"WebPage","@id":"https:\/\/www.valdelandrouet.com\/balades-a-pied\/","url":"https:\/\/www.valdelandrouet.com\/balades-a-pied\/","name":"Walks - Val de Landrouet. Camping Bretagne proche de Broc\u00e9liande","isPartOf":{"@id":"https:\/\/www.valdelandrouet.com\/#website"},"datePublished":"2017-12-22T11:09:47+00:00","dateModified":"2024-12-16T09:13:04+00:00","breadcrumb":{"@id":"https:\/\/www.valdelandrouet.com\/balades-a-pied\/#breadcrumb"},"inLanguage":"en-US","potentialAction":[{"@type":"ReadAction","target":["https:\/\/www.valdelandrouet.com\/balades-a-pied\/"]}]},{"@type":"BreadcrumbList","@id":"https:\/\/www.valdelandrouet.com\/balades-a-pied\/#breadcrumb","itemListElement":[{"@type":"ListItem","position":1,"name":"Accueil","item":"https:\/\/www.valdelandrouet.com\/"},{"@type":"ListItem","position":2,"name":"Walks"}]},{"@type":"WebSite","@id":"https:\/\/www.valdelandrouet.com\/#website","url":"https:\/\/www.valdelandrouet.com\/","name":"Val de Landrouet. Camping Bretagne proche de Broc\u00e9liande","description":"","publisher":{"@id":"https:\/\/www.valdelandrouet.com\/#organization"},"potentialAction":[{"@type":"SearchAction","target":{"@type":"EntryPoint","urlTemplate":"https:\/\/www.valdelandrouet.com\/?s={search_term_string}"},"query-input":{"@type":"PropertyValueSpecification","valueRequired":true,"valueName":"search_term_string"}}],"inLanguage":"en-US"},{"@type":"Organization","@id":"https:\/\/www.valdelandrouet.com\/#organization","name":"Val de Landrouet. Camping Bretagne proche de Broc\u00e9liande","url":"https:\/\/www.valdelandrouet.com\/","logo":{"@type":"ImageObject","inLanguage":"en-US","@id":"https:\/\/www.valdelandrouet.com\/#\/schema\/logo\/image\/","url":"https:\/\/www.valdelandrouet.com\/wp-content\/uploads\/2021\/12\/logo-val-de-landrouet.png","contentUrl":"https:\/\/www.valdelandrouet.com\/wp-content\/uploads\/2021\/12\/logo-val-de-landrouet.png","width":800,"height":110,"caption":"Val de Landrouet. Camping Bretagne proche de Broc\u00e9liande"},"image":{"@id":"https:\/\/www.valdelandrouet.com\/#\/schema\/logo\/image\/"}}]}},"_links":{"self":[{"href":"https:\/\/www.valdelandrouet.com\/en\/wp-json\/wp\/v2\/pages\/14896","targetHints":{"allow":["GET"]}}],"collection":[{"href":"https:\/\/www.valdelandrouet.com\/en\/wp-json\/wp\/v2\/pages"}],"about":[{"href":"https:\/\/www.valdelandrouet.com\/en\/wp-json\/wp\/v2\/types\/page"}],"author":[{"embeddable":true,"href":"https:\/\/www.valdelandrouet.com\/en\/wp-json\/wp\/v2\/users\/4"}],"replies":[{"embeddable":true,"href":"https:\/\/www.valdelandrouet.com\/en\/wp-json\/wp\/v2\/comments?post=14896"}],"version-history":[{"count":9,"href":"https:\/\/www.valdelandrouet.com\/en\/wp-json\/wp\/v2\/pages\/14896\/revisions"}],"predecessor-version":[{"id":22864,"href":"https:\/\/www.valdelandrouet.com\/en\/wp-json\/wp\/v2\/pages\/14896\/revisions\/22864"}],"wp:attachment":[{"href":"https:\/\/www.valdelandrouet.com\/en\/wp-json\/wp\/v2\/media?parent=14896"}],"curies":[{"name":"wp","href":"https:\/\/api.w.org\/{rel}","templated":true}]}}